{"id":1079,"date":"2024-07-10T21:01:13","date_gmt":"2024-07-10T19:01:13","guid":{"rendered":"https:\/\/aura-trade.at\/product\/operationsmikroskope\/"},"modified":"2024-07-15T23:49:03","modified_gmt":"2024-07-15T21:49:03","slug":"operationsmikroskope","status":"publish","type":"product","link":"https:\/\/aura-trade.at\/de\/shop\/ophthalmische-gerate\/operationsmikroskope\/","title":{"rendered":"Operationsmikroskope"},"content":{"rendered":"<p>Operationsmikroskope werden bei verschiedenen chirurgischen Eingriffen eingesetzt. Sie bieten eine Vergr\u00f6\u00dferung und Beleuchtung, die dem Chirurgen die Durchf\u00fchrung pr\u00e4ziser und delikater Operationen erleichtern. Sie sind besonders wertvoll in der Neurochirurgie, HNO und Augenchirurgie, wo feine Details und Pr\u00e4zision f\u00fcr erfolgreiche Ergebnisse unerl\u00e4sslich sind.<\/p>\n","protected":false},"excerpt":{"rendered":"<p>Pr\u00e4zisions-Operationsmikroskope f\u00fcr eine bessere Sicht bei Operationen.<\/p>\n","protected":false},"featured_media":920,"comment_status":"closed","ping_status":"closed","template":"","meta":[],"product_cat":[64,61],"product_tag":[],"class_list":{"0":"post-1079","1":"product","2":"type-product","3":"status-publish","4":"has-post-thumbnail","6":"product_cat-alle","7":"product_cat-ophthalmische-gerate","9":"first","10":"instock","11":"shipping-taxable","12":"product-type-simple"},"_links":{"self":[{"href":"https:\/\/aura-trade.at\/de\/wp-json\/wp\/v2\/product\/1079","targetHints":{"allow":["GET"]}}],"collection":[{"href":"https:\/\/aura-trade.at\/de\/wp-json\/wp\/v2\/product"}],"about":[{"href":"https:\/\/aura-trade.at\/de\/wp-json\/wp\/v2\/types\/product"}],"replies":[{"embeddable":true,"href":"https:\/\/aura-trade.at\/de\/wp-json\/wp\/v2\/comments?post=1079"}],"wp:featuredmedia":[{"embeddable":true,"href":"https:\/\/aura-trade.at\/de\/wp-json\/wp\/v2\/media\/920"}],"wp:attachment":[{"href":"https:\/\/aura-trade.at\/de\/wp-json\/wp\/v2\/media?parent=1079"}],"wp:term":[{"taxonomy":"product_cat","embeddable":true,"href":"https:\/\/aura-trade.at\/de\/wp-json\/wp\/v2\/product_cat?post=1079"},{"taxonomy":"product_tag","embeddable":true,"href":"https:\/\/aura-trade.at\/de\/wp-json\/wp\/v2\/product_tag?post=1079"}],"curies":[{"name":"wp","href":"https:\/\/api.w.org\/{rel}","templated":true}]}}