{"id":1078,"date":"2024-07-10T21:00:51","date_gmt":"2024-07-10T19:00:51","guid":{"rendered":"https:\/\/aura-trade.at\/product\/geraete-fuer-die-netzhautangiographie\/"},"modified":"2024-07-15T23:49:04","modified_gmt":"2024-07-15T21:49:04","slug":"geraete-fuer-die-netzhautangiographie","status":"publish","type":"product","link":"https:\/\/aura-trade.at\/de\/shop\/ophthalmische-gerate\/geraete-fuer-die-netzhautangiographie\/","title":{"rendered":"Ger\u00e4te f\u00fcr die Netzhautangiographie"},"content":{"rendered":"<p>Diese Systeme werden zur Visualisierung der Blutgef\u00e4\u00dfe in der Netzhaut verwendet, was f\u00fcr die Diagnose und Behandlung von Gef\u00e4\u00dferkrankungen des Auges wie der diabetischen Retinopathie von entscheidender Bedeutung ist. Sie verwenden fortschrittliche Bildgebungstechnologie, um klare und detaillierte Bilder zu liefern, die Augen\u00e4rzten helfen, das Ausma\u00df von Gef\u00e4\u00dfsch\u00e4den zu beurteilen und geeignete Eingriffe zu planen.<\/p>\n","protected":false},"excerpt":{"rendered":"<p>Umfassende neue und ex-europ\u00e4ische retinale Angiographie-Ger\u00e4te f\u00fcr die Gef\u00e4\u00dfdarstellung.<\/p>\n","protected":false},"featured_media":921,"comment_status":"closed","ping_status":"closed","template":"","meta":[],"product_cat":[64,61],"product_tag":[],"class_list":{"0":"post-1078","1":"product","2":"type-product","3":"status-publish","4":"has-post-thumbnail","6":"product_cat-alle","7":"product_cat-ophthalmische-gerate","9":"first","10":"instock","11":"shipping-taxable","12":"product-type-simple"},"_links":{"self":[{"href":"https:\/\/aura-trade.at\/de\/wp-json\/wp\/v2\/product\/1078","targetHints":{"allow":["GET"]}}],"collection":[{"href":"https:\/\/aura-trade.at\/de\/wp-json\/wp\/v2\/product"}],"about":[{"href":"https:\/\/aura-trade.at\/de\/wp-json\/wp\/v2\/types\/product"}],"replies":[{"embeddable":true,"href":"https:\/\/aura-trade.at\/de\/wp-json\/wp\/v2\/comments?post=1078"}],"wp:featuredmedia":[{"embeddable":true,"href":"https:\/\/aura-trade.at\/de\/wp-json\/wp\/v2\/media\/921"}],"wp:attachment":[{"href":"https:\/\/aura-trade.at\/de\/wp-json\/wp\/v2\/media?parent=1078"}],"wp:term":[{"taxonomy":"product_cat","embeddable":true,"href":"https:\/\/aura-trade.at\/de\/wp-json\/wp\/v2\/product_cat?post=1078"},{"taxonomy":"product_tag","embeddable":true,"href":"https:\/\/aura-trade.at\/de\/wp-json\/wp\/v2\/product_tag?post=1078"}],"curies":[{"name":"wp","href":"https:\/\/api.w.org\/{rel}","templated":true}]}}