{"id":1074,"date":"2024-07-10T21:00:18","date_gmt":"2024-07-10T19:00:18","guid":{"rendered":"https:\/\/aura-trade.at\/product\/phakoemulsifikationsmaschine\/"},"modified":"2024-07-15T23:49:04","modified_gmt":"2024-07-15T21:49:04","slug":"phakoemulsifikationsmaschine","status":"publish","type":"product","link":"https:\/\/aura-trade.at\/de\/shop\/ophthalmische-gerate\/phakoemulsifikationsmaschine\/","title":{"rendered":"Phakoemulsifikationsmaschine"},"content":{"rendered":"<p>Die Phakoemulsifikationsmaschine wird bei der Kataraktchirurgie eingesetzt, um die getr\u00fcbte Linse zu zertr\u00fcmmern und zu entfernen und durch eine klare Kunstlinse zu ersetzen. Unsere Modelle sind auf Pr\u00e4zision und Benutzerfreundlichkeit ausgelegt und gew\u00e4hrleisten effektive und minimalinvasive Eingriffe, die f\u00fcr die Wiederherstellung des Sehverm\u00f6gens entscheidend sind.<\/p>\n","protected":false},"excerpt":{"rendered":"<p>Moderne neue und ex-europ\u00e4ische Phakoemulsifikationsmaschinen f\u00fcr die Kataraktchirurgie.<\/p>\n","protected":false},"featured_media":930,"comment_status":"closed","ping_status":"closed","template":"","meta":[],"product_cat":[64,61],"product_tag":[],"class_list":{"0":"post-1074","1":"product","2":"type-product","3":"status-publish","4":"has-post-thumbnail","6":"product_cat-alle","7":"product_cat-ophthalmische-gerate","9":"first","10":"instock","11":"shipping-taxable","12":"product-type-simple"},"_links":{"self":[{"href":"https:\/\/aura-trade.at\/de\/wp-json\/wp\/v2\/product\/1074","targetHints":{"allow":["GET"]}}],"collection":[{"href":"https:\/\/aura-trade.at\/de\/wp-json\/wp\/v2\/product"}],"about":[{"href":"https:\/\/aura-trade.at\/de\/wp-json\/wp\/v2\/types\/product"}],"replies":[{"embeddable":true,"href":"https:\/\/aura-trade.at\/de\/wp-json\/wp\/v2\/comments?post=1074"}],"wp:featuredmedia":[{"embeddable":true,"href":"https:\/\/aura-trade.at\/de\/wp-json\/wp\/v2\/media\/930"}],"wp:attachment":[{"href":"https:\/\/aura-trade.at\/de\/wp-json\/wp\/v2\/media?parent=1074"}],"wp:term":[{"taxonomy":"product_cat","embeddable":true,"href":"https:\/\/aura-trade.at\/de\/wp-json\/wp\/v2\/product_cat?post=1074"},{"taxonomy":"product_tag","embeddable":true,"href":"https:\/\/aura-trade.at\/de\/wp-json\/wp\/v2\/product_tag?post=1074"}],"curies":[{"name":"wp","href":"https:\/\/api.w.org\/{rel}","templated":true}]}}