{"id":1072,"date":"2024-07-10T21:01:30","date_gmt":"2024-07-10T19:01:30","guid":{"rendered":"https:\/\/aura-trade.at\/product\/ophthalmologische-laser\/"},"modified":"2024-07-15T23:52:21","modified_gmt":"2024-07-15T21:52:21","slug":"ophthalmologische-laser","status":"publish","type":"product","link":"https:\/\/aura-trade.at\/de\/shop\/ophthalmische-gerate\/ophthalmologische-laser\/","title":{"rendered":"Ophthalmologische Laser"},"content":{"rendered":"<p>Augenlaser werden f\u00fcr eine Reihe von Verfahren eingesetzt, von der Korrektur von Brechungsfehlern bis hin zur Behandlung von Erkrankungen des hinteren Augensegments wie Netzhautrissen und diabetischer Retinopathie. Sie bieten Pr\u00e4zision und minimale Invasivit\u00e4t und erm\u00f6glichen effektive Behandlungen mit k\u00fcrzeren Erholungszeiten und verbesserten Patientenergebnissen.<\/p>\n","protected":false},"excerpt":{"rendered":"<p>Fortschrittliche neue und ex-europ\u00e4ische Augenlaser f\u00fcr den pr\u00e4zisen korrigierenden und therapeutischen Einsatz.<\/p>\n","protected":false},"featured_media":919,"comment_status":"closed","ping_status":"closed","template":"","meta":[],"product_cat":[64,61],"product_tag":[],"class_list":{"0":"post-1072","1":"product","2":"type-product","3":"status-publish","4":"has-post-thumbnail","6":"product_cat-alle","7":"product_cat-ophthalmische-gerate","9":"first","10":"instock","11":"shipping-taxable","12":"product-type-simple"},"_links":{"self":[{"href":"https:\/\/aura-trade.at\/de\/wp-json\/wp\/v2\/product\/1072","targetHints":{"allow":["GET"]}}],"collection":[{"href":"https:\/\/aura-trade.at\/de\/wp-json\/wp\/v2\/product"}],"about":[{"href":"https:\/\/aura-trade.at\/de\/wp-json\/wp\/v2\/types\/product"}],"replies":[{"embeddable":true,"href":"https:\/\/aura-trade.at\/de\/wp-json\/wp\/v2\/comments?post=1072"}],"wp:featuredmedia":[{"embeddable":true,"href":"https:\/\/aura-trade.at\/de\/wp-json\/wp\/v2\/media\/919"}],"wp:attachment":[{"href":"https:\/\/aura-trade.at\/de\/wp-json\/wp\/v2\/media?parent=1072"}],"wp:term":[{"taxonomy":"product_cat","embeddable":true,"href":"https:\/\/aura-trade.at\/de\/wp-json\/wp\/v2\/product_cat?post=1072"},{"taxonomy":"product_tag","embeddable":true,"href":"https:\/\/aura-trade.at\/de\/wp-json\/wp\/v2\/product_tag?post=1072"}],"curies":[{"name":"wp","href":"https:\/\/api.w.org\/{rel}","templated":true}]}}