{"id":1070,"date":"2024-07-10T20:59:37","date_gmt":"2024-07-10T18:59:37","guid":{"rendered":"https:\/\/aura-trade.at\/product\/octs\/"},"modified":"2024-07-15T23:49:04","modified_gmt":"2024-07-15T21:49:04","slug":"octs","status":"publish","type":"product","link":"https:\/\/aura-trade.at\/de\/shop\/ophthalmische-gerate\/octs\/","title":{"rendered":"OCT&#8217;s"},"content":{"rendered":"<p>Optische Koh\u00e4renztomographie-Systeme (OCT) sind fortschrittliche Bildgebungsger\u00e4te, mit denen detaillierte Querschnittsbilder der Netzhaut erstellt werden k\u00f6nnen. Sie sind unverzichtbar bei der Diagnose und Behandlung von Netzhauterkrankungen, da sie detaillierte Visualisierungen liefern, die bei Behandlungsentscheidungen helfen.<\/p>\n","protected":false},"excerpt":{"rendered":"<p>Hochmoderne neue und ehemalige europ\u00e4ische OCT-Systeme f\u00fcr die Tiefenbildgebung der Netzhaut.<\/p>\n","protected":false},"featured_media":929,"comment_status":"closed","ping_status":"closed","template":"","meta":[],"product_cat":[64,61],"product_tag":[],"class_list":{"0":"post-1070","1":"product","2":"type-product","3":"status-publish","4":"has-post-thumbnail","6":"product_cat-alle","7":"product_cat-ophthalmische-gerate","9":"first","10":"instock","11":"shipping-taxable","12":"product-type-simple"},"_links":{"self":[{"href":"https:\/\/aura-trade.at\/de\/wp-json\/wp\/v2\/product\/1070","targetHints":{"allow":["GET"]}}],"collection":[{"href":"https:\/\/aura-trade.at\/de\/wp-json\/wp\/v2\/product"}],"about":[{"href":"https:\/\/aura-trade.at\/de\/wp-json\/wp\/v2\/types\/product"}],"replies":[{"embeddable":true,"href":"https:\/\/aura-trade.at\/de\/wp-json\/wp\/v2\/comments?post=1070"}],"wp:featuredmedia":[{"embeddable":true,"href":"https:\/\/aura-trade.at\/de\/wp-json\/wp\/v2\/media\/929"}],"wp:attachment":[{"href":"https:\/\/aura-trade.at\/de\/wp-json\/wp\/v2\/media?parent=1070"}],"wp:term":[{"taxonomy":"product_cat","embeddable":true,"href":"https:\/\/aura-trade.at\/de\/wp-json\/wp\/v2\/product_cat?post=1070"},{"taxonomy":"product_tag","embeddable":true,"href":"https:\/\/aura-trade.at\/de\/wp-json\/wp\/v2\/product_tag?post=1070"}],"curies":[{"name":"wp","href":"https:\/\/api.w.org\/{rel}","templated":true}]}}