{"id":1066,"date":"2024-07-10T20:58:07","date_gmt":"2024-07-10T18:58:07","guid":{"rendered":"https:\/\/aura-trade.at\/product\/feldsicht-analysegeraete\/"},"modified":"2024-07-15T23:49:04","modified_gmt":"2024-07-15T21:49:04","slug":"feldsicht-analysegeraete","status":"publish","type":"product","link":"https:\/\/aura-trade.at\/de\/shop\/ophthalmische-gerate\/feldsicht-analysegeraete\/","title":{"rendered":"Feldsicht-Analyseger\u00e4te"},"content":{"rendered":"<p>Diese Ger\u00e4te werden zur Beurteilung des Gesichtsfeldes von Patienten verwendet und helfen bei der Diagnose und \u00dcberwachung von Krankheiten wie Glaukom und anderen Sehst\u00f6rungen. Sie sind in der Augenheilkunde unerl\u00e4sslich, um das Ausma\u00df des Sehverlusts zu beurteilen und Behandlungsstrategien zu planen.<\/p>\n","protected":false},"excerpt":{"rendered":"<p>Umfassende neue und ex-europ\u00e4ische Sehfeldanalyseger\u00e4te zur Beurteilung der Augengesundheit.<\/p>\n","protected":false},"featured_media":926,"comment_status":"closed","ping_status":"closed","template":"","meta":[],"product_cat":[64,61],"product_tag":[],"class_list":{"0":"post-1066","1":"product","2":"type-product","3":"status-publish","4":"has-post-thumbnail","6":"product_cat-alle","7":"product_cat-ophthalmische-gerate","9":"first","10":"instock","11":"shipping-taxable","12":"product-type-simple"},"_links":{"self":[{"href":"https:\/\/aura-trade.at\/de\/wp-json\/wp\/v2\/product\/1066","targetHints":{"allow":["GET"]}}],"collection":[{"href":"https:\/\/aura-trade.at\/de\/wp-json\/wp\/v2\/product"}],"about":[{"href":"https:\/\/aura-trade.at\/de\/wp-json\/wp\/v2\/types\/product"}],"replies":[{"embeddable":true,"href":"https:\/\/aura-trade.at\/de\/wp-json\/wp\/v2\/comments?post=1066"}],"wp:featuredmedia":[{"embeddable":true,"href":"https:\/\/aura-trade.at\/de\/wp-json\/wp\/v2\/media\/926"}],"wp:attachment":[{"href":"https:\/\/aura-trade.at\/de\/wp-json\/wp\/v2\/media?parent=1066"}],"wp:term":[{"taxonomy":"product_cat","embeddable":true,"href":"https:\/\/aura-trade.at\/de\/wp-json\/wp\/v2\/product_cat?post=1066"},{"taxonomy":"product_tag","embeddable":true,"href":"https:\/\/aura-trade.at\/de\/wp-json\/wp\/v2\/product_tag?post=1066"}],"curies":[{"name":"wp","href":"https:\/\/api.w.org\/{rel}","templated":true}]}}