{"id":1055,"date":"2024-07-01T23:55:58","date_gmt":"2024-07-01T21:55:58","guid":{"rendered":"https:\/\/aura-trade.at\/product\/blut-gasanalysatoren\/"},"modified":"2024-07-15T23:49:08","modified_gmt":"2024-07-15T21:49:08","slug":"blut-gasanalysatoren","status":"publish","type":"product","link":"https:\/\/aura-trade.at\/de\/shop\/labor-pathologie-ausstattung\/blut-gasanalysatoren\/","title":{"rendered":"Blut-\/Gasanalysatoren"},"content":{"rendered":"<p>Diese Analyseger\u00e4te wurden entwickelt, um Blutgaswerte, Elektrolyte und Metaboliten schnell zu bestimmen. Sie sind unverzichtbar f\u00fcr die Intensivpflege und die Beatmungsmedizin. Sie liefern wichtige Daten, die dem Arzt bei der Diagnose und \u00dcberwachung von Patienten mit Erkrankungen des Herzens, der Lunge und der Nieren helfen und eine sofortige und pr\u00e4zise Anpassung der Behandlung in Notfallsituationen erm\u00f6glichen.<\/p>\n","protected":false},"excerpt":{"rendered":"<p>Pr\u00e4zise neue und ex-europ\u00e4ische Blut-\/Gasanalysatoren f\u00fcr die \u00dcberwachung auf der Intensivstation.<\/p>\n","protected":false},"featured_media":948,"comment_status":"closed","ping_status":"closed","template":"","meta":[],"product_cat":[64,55],"product_tag":[],"class_list":{"0":"post-1055","1":"product","2":"type-product","3":"status-publish","4":"has-post-thumbnail","6":"product_cat-alle","7":"product_cat-labor-pathologie-ausstattung","9":"first","10":"instock","11":"shipping-taxable","12":"product-type-simple"},"_links":{"self":[{"href":"https:\/\/aura-trade.at\/de\/wp-json\/wp\/v2\/product\/1055","targetHints":{"allow":["GET"]}}],"collection":[{"href":"https:\/\/aura-trade.at\/de\/wp-json\/wp\/v2\/product"}],"about":[{"href":"https:\/\/aura-trade.at\/de\/wp-json\/wp\/v2\/types\/product"}],"replies":[{"embeddable":true,"href":"https:\/\/aura-trade.at\/de\/wp-json\/wp\/v2\/comments?post=1055"}],"wp:featuredmedia":[{"embeddable":true,"href":"https:\/\/aura-trade.at\/de\/wp-json\/wp\/v2\/media\/948"}],"wp:attachment":[{"href":"https:\/\/aura-trade.at\/de\/wp-json\/wp\/v2\/media?parent=1055"}],"wp:term":[{"taxonomy":"product_cat","embeddable":true,"href":"https:\/\/aura-trade.at\/de\/wp-json\/wp\/v2\/product_cat?post=1055"},{"taxonomy":"product_tag","embeddable":true,"href":"https:\/\/aura-trade.at\/de\/wp-json\/wp\/v2\/product_tag?post=1055"}],"curies":[{"name":"wp","href":"https:\/\/api.w.org\/{rel}","templated":true}]}}