{"id":1054,"date":"2024-07-01T23:56:00","date_gmt":"2024-07-01T21:56:00","guid":{"rendered":"https:\/\/aura-trade.at\/product\/dialyse-stuehle-und-liegen\/"},"modified":"2024-07-15T23:49:05","modified_gmt":"2024-07-15T21:49:05","slug":"dialyse-stuehle-und-liegen","status":"publish","type":"product","link":"https:\/\/aura-trade.at\/de\/shop\/dialyse-gerate\/dialyse-stuehle-und-liegen\/","title":{"rendered":"Dialyse-St\u00fchle und -Liegen"},"content":{"rendered":"<p>Diese St\u00fchle und Liegen wurden speziell f\u00fcr Dialysebehandlungen entwickelt und sorgen f\u00fcr maximalen Patientenkomfort bei langwierigen Behandlungen. Sie verf\u00fcgen \u00fcber verstellbare Einstellungen, einen einfachen Zugang f\u00fcr das medizinische Personal und langlebige, aber dennoch komfortable Materialien, die die Dialyse f\u00fcr den Patienten angenehmer machen.<\/p>\n","protected":false},"excerpt":{"rendered":"<p>Bequeme neue und ex-europ\u00e4ische Dialysest\u00fchle und -liegen f\u00fcr den Patientenkomfort.<\/p>\n","protected":false},"featured_media":945,"comment_status":"closed","ping_status":"closed","template":"","meta":[],"product_cat":[64,59],"product_tag":[],"class_list":{"0":"post-1054","1":"product","2":"type-product","3":"status-publish","4":"has-post-thumbnail","6":"product_cat-alle","7":"product_cat-dialyse-gerate","9":"first","10":"instock","11":"shipping-taxable","12":"product-type-simple"},"_links":{"self":[{"href":"https:\/\/aura-trade.at\/de\/wp-json\/wp\/v2\/product\/1054","targetHints":{"allow":["GET"]}}],"collection":[{"href":"https:\/\/aura-trade.at\/de\/wp-json\/wp\/v2\/product"}],"about":[{"href":"https:\/\/aura-trade.at\/de\/wp-json\/wp\/v2\/types\/product"}],"replies":[{"embeddable":true,"href":"https:\/\/aura-trade.at\/de\/wp-json\/wp\/v2\/comments?post=1054"}],"wp:featuredmedia":[{"embeddable":true,"href":"https:\/\/aura-trade.at\/de\/wp-json\/wp\/v2\/media\/945"}],"wp:attachment":[{"href":"https:\/\/aura-trade.at\/de\/wp-json\/wp\/v2\/media?parent=1054"}],"wp:term":[{"taxonomy":"product_cat","embeddable":true,"href":"https:\/\/aura-trade.at\/de\/wp-json\/wp\/v2\/product_cat?post=1054"},{"taxonomy":"product_tag","embeddable":true,"href":"https:\/\/aura-trade.at\/de\/wp-json\/wp\/v2\/product_tag?post=1054"}],"curies":[{"name":"wp","href":"https:\/\/api.w.org\/{rel}","templated":true}]}}