{"id":1053,"date":"2024-07-01T23:55:59","date_gmt":"2024-07-01T21:55:59","guid":{"rendered":"https:\/\/aura-trade.at\/product\/mikroskope\/"},"modified":"2024-07-15T23:49:06","modified_gmt":"2024-07-15T21:49:06","slug":"mikroskope","status":"publish","type":"product","link":"https:\/\/aura-trade.at\/de\/shop\/klinik-fur-fruchtbarkeit-und-gynakologie-medizinische-gerate\/mikroskope\/","title":{"rendered":"Mikroskope"},"content":{"rendered":"<p>Diese Mikroskope sind f\u00fcr eine Reihe von Anwendungen konzipiert, von der Grundlagenforschung bis hin zu komplexen diagnostischen Aufgaben in klinischen Labors. Sie liefern hochaufl\u00f6sende Bilder von biologischen Proben und erm\u00f6glichen eine detaillierte Analyse von Zellstrukturen und molekularen Komplexen, die f\u00fcr Fortschritte in der Medizin und den biologischen Wissenschaften entscheidend sind.<\/p>\n","protected":false},"excerpt":{"rendered":"<p>Hochpr\u00e4zise neue und ehemalige europ\u00e4ische Mikroskope f\u00fcr zellul\u00e4re und molekulare Untersuchungen.<\/p>\n","protected":false},"featured_media":881,"comment_status":"closed","ping_status":"closed","template":"","meta":[],"product_cat":[64,58],"product_tag":[],"class_list":{"0":"post-1053","1":"product","2":"type-product","3":"status-publish","4":"has-post-thumbnail","6":"product_cat-alle","7":"product_cat-klinik-fur-fruchtbarkeit-und-gynakologie-medizinische-gerate","9":"first","10":"instock","11":"shipping-taxable","12":"product-type-simple"},"_links":{"self":[{"href":"https:\/\/aura-trade.at\/de\/wp-json\/wp\/v2\/product\/1053","targetHints":{"allow":["GET"]}}],"collection":[{"href":"https:\/\/aura-trade.at\/de\/wp-json\/wp\/v2\/product"}],"about":[{"href":"https:\/\/aura-trade.at\/de\/wp-json\/wp\/v2\/types\/product"}],"replies":[{"embeddable":true,"href":"https:\/\/aura-trade.at\/de\/wp-json\/wp\/v2\/comments?post=1053"}],"wp:featuredmedia":[{"embeddable":true,"href":"https:\/\/aura-trade.at\/de\/wp-json\/wp\/v2\/media\/881"}],"wp:attachment":[{"href":"https:\/\/aura-trade.at\/de\/wp-json\/wp\/v2\/media?parent=1053"}],"wp:term":[{"taxonomy":"product_cat","embeddable":true,"href":"https:\/\/aura-trade.at\/de\/wp-json\/wp\/v2\/product_cat?post=1053"},{"taxonomy":"product_tag","embeddable":true,"href":"https:\/\/aura-trade.at\/de\/wp-json\/wp\/v2\/product_tag?post=1053"}],"curies":[{"name":"wp","href":"https:\/\/api.w.org\/{rel}","templated":true}]}}