{"id":1052,"date":"2024-07-01T23:55:58","date_gmt":"2024-07-01T21:55:58","guid":{"rendered":"https:\/\/aura-trade.at\/product\/mikrotome\/"},"modified":"2024-07-15T23:49:08","modified_gmt":"2024-07-15T21:49:08","slug":"mikrotome","status":"publish","type":"product","link":"https:\/\/aura-trade.at\/de\/shop\/labor-pathologie-ausstattung\/mikrotome\/","title":{"rendered":"Mikrotome"},"content":{"rendered":"<p>Mikrotome sind in der Histologie unverzichtbar, um sehr d\u00fcnne Gewebeschnitte f\u00fcr die Untersuchung unter dem Mikroskop vorzubereiten. Unsere neuen und ex-europ\u00e4ischen Modelle gew\u00e4hrleisten eine pr\u00e4zise und konsistente Schnittf\u00fchrung, die f\u00fcr eine genaue Diagnose und Forschung von entscheidender Bedeutung ist, insbesondere in Pathologielabors, in denen die Gewebemorphologie akribisch erhalten werden muss.<\/p>\n","protected":false},"excerpt":{"rendered":"<p>Zuverl\u00e4ssige neue und ex-europ\u00e4ische Mikrotome f\u00fcr pr\u00e4zises Schneiden von Gewebe.<\/p>\n","protected":false},"featured_media":927,"comment_status":"closed","ping_status":"closed","template":"","meta":[],"product_cat":[64,55],"product_tag":[],"class_list":{"0":"post-1052","1":"product","2":"type-product","3":"status-publish","4":"has-post-thumbnail","6":"product_cat-alle","7":"product_cat-labor-pathologie-ausstattung","9":"first","10":"instock","11":"shipping-taxable","12":"product-type-simple"},"_links":{"self":[{"href":"https:\/\/aura-trade.at\/de\/wp-json\/wp\/v2\/product\/1052","targetHints":{"allow":["GET"]}}],"collection":[{"href":"https:\/\/aura-trade.at\/de\/wp-json\/wp\/v2\/product"}],"about":[{"href":"https:\/\/aura-trade.at\/de\/wp-json\/wp\/v2\/types\/product"}],"replies":[{"embeddable":true,"href":"https:\/\/aura-trade.at\/de\/wp-json\/wp\/v2\/comments?post=1052"}],"wp:featuredmedia":[{"embeddable":true,"href":"https:\/\/aura-trade.at\/de\/wp-json\/wp\/v2\/media\/927"}],"wp:attachment":[{"href":"https:\/\/aura-trade.at\/de\/wp-json\/wp\/v2\/media?parent=1052"}],"wp:term":[{"taxonomy":"product_cat","embeddable":true,"href":"https:\/\/aura-trade.at\/de\/wp-json\/wp\/v2\/product_cat?post=1052"},{"taxonomy":"product_tag","embeddable":true,"href":"https:\/\/aura-trade.at\/de\/wp-json\/wp\/v2\/product_tag?post=1052"}],"curies":[{"name":"wp","href":"https:\/\/api.w.org\/{rel}","templated":true}]}}