{"id":1050,"date":"2024-07-01T23:55:59","date_gmt":"2024-07-01T21:55:59","guid":{"rendered":"https:\/\/aura-trade.at\/product\/labor-inkubatoren\/"},"modified":"2024-07-15T23:49:06","modified_gmt":"2024-07-15T21:49:06","slug":"labor-inkubatoren","status":"publish","type":"product","link":"https:\/\/aura-trade.at\/de\/shop\/klinik-fur-fruchtbarkeit-und-gynakologie-medizinische-gerate\/labor-inkubatoren\/","title":{"rendered":"Labor-Inkubatoren"},"content":{"rendered":"<p>Unsere Laborinkubatoren bieten eine kontrollierte, kontaminationsfreie Umgebung f\u00fcr das Wachstum von mikrobiologischen Kulturen oder Zellkulturen. Sie sind in Forschungs- und klinischen Labors unentbehrlich f\u00fcr die Durchf\u00fchrung von Experimenten, die pr\u00e4zise Temperatur-, Feuchtigkeits- und andere Bedingungen erfordern, und unterst\u00fctzen Studien in der Mikrobiologie, Zellbiologie und Molekularbiologie.<\/p>\n","protected":false},"excerpt":{"rendered":"<p>Stabile neue und ex-europ\u00e4ische Laborinkubatoren f\u00fcr kontrollierte Umweltbedingungen.<\/p>\n","protected":false},"featured_media":882,"comment_status":"closed","ping_status":"closed","template":"","meta":[],"product_cat":[64,58],"product_tag":[],"class_list":{"0":"post-1050","1":"product","2":"type-product","3":"status-publish","4":"has-post-thumbnail","6":"product_cat-alle","7":"product_cat-klinik-fur-fruchtbarkeit-und-gynakologie-medizinische-gerate","9":"first","10":"instock","11":"shipping-taxable","12":"product-type-simple"},"_links":{"self":[{"href":"https:\/\/aura-trade.at\/de\/wp-json\/wp\/v2\/product\/1050","targetHints":{"allow":["GET"]}}],"collection":[{"href":"https:\/\/aura-trade.at\/de\/wp-json\/wp\/v2\/product"}],"about":[{"href":"https:\/\/aura-trade.at\/de\/wp-json\/wp\/v2\/types\/product"}],"replies":[{"embeddable":true,"href":"https:\/\/aura-trade.at\/de\/wp-json\/wp\/v2\/comments?post=1050"}],"wp:featuredmedia":[{"embeddable":true,"href":"https:\/\/aura-trade.at\/de\/wp-json\/wp\/v2\/media\/882"}],"wp:attachment":[{"href":"https:\/\/aura-trade.at\/de\/wp-json\/wp\/v2\/media?parent=1050"}],"wp:term":[{"taxonomy":"product_cat","embeddable":true,"href":"https:\/\/aura-trade.at\/de\/wp-json\/wp\/v2\/product_cat?post=1050"},{"taxonomy":"product_tag","embeddable":true,"href":"https:\/\/aura-trade.at\/de\/wp-json\/wp\/v2\/product_tag?post=1050"}],"curies":[{"name":"wp","href":"https:\/\/api.w.org\/{rel}","templated":true}]}}