{"id":1049,"date":"2024-07-01T23:55:58","date_gmt":"2024-07-01T21:55:58","guid":{"rendered":"https:\/\/aura-trade.at\/product\/kryostat\/"},"modified":"2024-07-15T23:49:07","modified_gmt":"2024-07-15T21:49:07","slug":"kryostat","status":"publish","type":"product","link":"https:\/\/aura-trade.at\/de\/shop\/labor-pathologie-ausstattung\/kryostat\/","title":{"rendered":"Kryostat"},"content":{"rendered":"<p>Kryostate sind spezielle Instrumente, die in medizinischen Labors zum schnellen Einfrieren und Schneiden d\u00fcnner Gewebeschnitte verwendet werden. Sie sind besonders wertvoll in Situationen, in denen eine schnelle Diagnose erforderlich ist, wie z.B. bei intraoperativen Konsultationen. Unsere Modelle gew\u00e4hrleisten Pr\u00e4zision und Schnelligkeit und erhalten die Integrit\u00e4t des Gewebes f\u00fcr eine genaue histopathologische Analyse.<\/p>\n","protected":false},"excerpt":{"rendered":"<p>Effiziente neue und ex-europ\u00e4ische Kryostate zum schnellen Einfrieren und Schneiden von Gewebe.<\/p>\n","protected":false},"featured_media":928,"comment_status":"closed","ping_status":"closed","template":"","meta":[],"product_cat":[64,55],"product_tag":[],"class_list":{"0":"post-1049","1":"product","2":"type-product","3":"status-publish","4":"has-post-thumbnail","6":"product_cat-alle","7":"product_cat-labor-pathologie-ausstattung","9":"first","10":"instock","11":"shipping-taxable","12":"product-type-simple"},"_links":{"self":[{"href":"https:\/\/aura-trade.at\/de\/wp-json\/wp\/v2\/product\/1049","targetHints":{"allow":["GET"]}}],"collection":[{"href":"https:\/\/aura-trade.at\/de\/wp-json\/wp\/v2\/product"}],"about":[{"href":"https:\/\/aura-trade.at\/de\/wp-json\/wp\/v2\/types\/product"}],"replies":[{"embeddable":true,"href":"https:\/\/aura-trade.at\/de\/wp-json\/wp\/v2\/comments?post=1049"}],"wp:featuredmedia":[{"embeddable":true,"href":"https:\/\/aura-trade.at\/de\/wp-json\/wp\/v2\/media\/928"}],"wp:attachment":[{"href":"https:\/\/aura-trade.at\/de\/wp-json\/wp\/v2\/media?parent=1049"}],"wp:term":[{"taxonomy":"product_cat","embeddable":true,"href":"https:\/\/aura-trade.at\/de\/wp-json\/wp\/v2\/product_cat?post=1049"},{"taxonomy":"product_tag","embeddable":true,"href":"https:\/\/aura-trade.at\/de\/wp-json\/wp\/v2\/product_tag?post=1049"}],"curies":[{"name":"wp","href":"https:\/\/api.w.org\/{rel}","templated":true}]}}