{"id":1048,"date":"2024-07-01T23:55:57","date_gmt":"2024-07-01T21:55:57","guid":{"rendered":"https:\/\/aura-trade.at\/product\/ekgs\/"},"modified":"2024-07-15T23:49:09","modified_gmt":"2024-07-15T21:49:09","slug":"ekgs","status":"publish","type":"product","link":"https:\/\/aura-trade.at\/de\/shop\/gerate-zur-patientenuberwachung\/ekgs\/","title":{"rendered":"EKG&#8217;s"},"content":{"rendered":"<p>Unsere EKG-Ger\u00e4te bieten wichtige Funktionen f\u00fcr die Herz\u00fcberwachung, indem sie die elektrische Aktivit\u00e4t des Herzens mit hoher Pr\u00e4zision erfassen und aufzeichnen. Sie sind unentbehrlich f\u00fcr die Diagnose verschiedener Herzzust\u00e4nde, von leichten Arrhythmien bis hin zu kritischen Herzerkrankungen, und bieten schnelle, genaue Messwerte und robuste Datenanalysefunktionen.<\/p>\n","protected":false},"excerpt":{"rendered":"<p>Hochpr\u00e4zise neue und ex-europ\u00e4ische EKG-Ger\u00e4te f\u00fcr eine detaillierte Herzrhythmusanalyse.<\/p>\n","protected":false},"featured_media":892,"comment_status":"closed","ping_status":"closed","template":"","meta":[],"product_cat":[64,56],"product_tag":[],"class_list":{"0":"post-1048","1":"product","2":"type-product","3":"status-publish","4":"has-post-thumbnail","6":"product_cat-alle","7":"product_cat-gerate-zur-patientenuberwachung","9":"first","10":"instock","11":"shipping-taxable","12":"product-type-simple"},"_links":{"self":[{"href":"https:\/\/aura-trade.at\/de\/wp-json\/wp\/v2\/product\/1048","targetHints":{"allow":["GET"]}}],"collection":[{"href":"https:\/\/aura-trade.at\/de\/wp-json\/wp\/v2\/product"}],"about":[{"href":"https:\/\/aura-trade.at\/de\/wp-json\/wp\/v2\/types\/product"}],"replies":[{"embeddable":true,"href":"https:\/\/aura-trade.at\/de\/wp-json\/wp\/v2\/comments?post=1048"}],"wp:featuredmedia":[{"embeddable":true,"href":"https:\/\/aura-trade.at\/de\/wp-json\/wp\/v2\/media\/892"}],"wp:attachment":[{"href":"https:\/\/aura-trade.at\/de\/wp-json\/wp\/v2\/media?parent=1048"}],"wp:term":[{"taxonomy":"product_cat","embeddable":true,"href":"https:\/\/aura-trade.at\/de\/wp-json\/wp\/v2\/product_cat?post=1048"},{"taxonomy":"product_tag","embeddable":true,"href":"https:\/\/aura-trade.at\/de\/wp-json\/wp\/v2\/product_tag?post=1048"}],"curies":[{"name":"wp","href":"https:\/\/api.w.org\/{rel}","templated":true}]}}