{"id":1041,"date":"2024-07-01T23:55:57","date_gmt":"2024-07-01T21:55:57","guid":{"rendered":"https:\/\/aura-trade.at\/product\/analysatoren\/"},"modified":"2024-07-15T23:49:09","modified_gmt":"2024-07-15T21:49:09","slug":"analysatoren","status":"publish","type":"product","link":"https:\/\/aura-trade.at\/de\/shop\/labor-pathologie-ausstattung\/analysatoren\/","title":{"rendered":"Analysatoren"},"content":{"rendered":"<p>Unsere Analyseger\u00e4te werden in klinischen Labors zur Durchf\u00fchrung von Blut-, Urin- und anderen K\u00f6rperfl\u00fcssigkeitstests verwendet. Sie automatisieren viele Aspekte von Tests und liefern schnelle und genaue Ergebnisse, die f\u00fcr die Diagnose verschiedener Krankheiten, die \u00dcberwachung der Wirksamkeit von Behandlungen und die Durchf\u00fchrung von routinem\u00e4\u00dfigen Gesundheitskontrollen entscheidend sind.<\/p>\n","protected":false},"excerpt":{"rendered":"<p>Umfassende neue und ex-europ\u00e4ische Analyseger\u00e4te f\u00fcr eine Reihe von Labordiagnosen.<\/p>\n","protected":false},"featured_media":897,"comment_status":"closed","ping_status":"closed","template":"","meta":[],"product_cat":[64,55],"product_tag":[],"class_list":{"0":"post-1041","1":"product","2":"type-product","3":"status-publish","4":"has-post-thumbnail","6":"product_cat-alle","7":"product_cat-labor-pathologie-ausstattung","9":"first","10":"instock","11":"shipping-taxable","12":"product-type-simple"},"_links":{"self":[{"href":"https:\/\/aura-trade.at\/de\/wp-json\/wp\/v2\/product\/1041","targetHints":{"allow":["GET"]}}],"collection":[{"href":"https:\/\/aura-trade.at\/de\/wp-json\/wp\/v2\/product"}],"about":[{"href":"https:\/\/aura-trade.at\/de\/wp-json\/wp\/v2\/types\/product"}],"replies":[{"embeddable":true,"href":"https:\/\/aura-trade.at\/de\/wp-json\/wp\/v2\/comments?post=1041"}],"wp:featuredmedia":[{"embeddable":true,"href":"https:\/\/aura-trade.at\/de\/wp-json\/wp\/v2\/media\/897"}],"wp:attachment":[{"href":"https:\/\/aura-trade.at\/de\/wp-json\/wp\/v2\/media?parent=1041"}],"wp:term":[{"taxonomy":"product_cat","embeddable":true,"href":"https:\/\/aura-trade.at\/de\/wp-json\/wp\/v2\/product_cat?post=1041"},{"taxonomy":"product_tag","embeddable":true,"href":"https:\/\/aura-trade.at\/de\/wp-json\/wp\/v2\/product_tag?post=1041"}],"curies":[{"name":"wp","href":"https:\/\/api.w.org\/{rel}","templated":true}]}}