{"id":1037,"date":"2024-07-01T23:55:57","date_gmt":"2024-07-01T21:55:57","guid":{"rendered":"https:\/\/aura-trade.at\/product\/anhaenger-scanner-systeme\/"},"modified":"2024-07-15T23:49:08","modified_gmt":"2024-07-15T21:49:08","slug":"anhaenger-scanner-systeme","status":"publish","type":"product","link":"https:\/\/aura-trade.at\/de\/shop\/mrt-scanner\/anhaenger-scanner-systeme\/","title":{"rendered":"Anh\u00e4nger-Scanner-Systeme"},"content":{"rendered":"<p>Diese Anh\u00e4ngersysteme wurden f\u00fcr die medizinische Versorgung unterwegs entwickelt und sind vollst\u00e4ndig mit bildgebender Technologie wie CT- oder MRT-Scannern ausgestattet, was sie perfekt f\u00fcr die Versorgung abgelegener oder unterversorgter Gebiete macht. Sie bieten die gleichen hochwertigen diagnostischen M\u00f6glichkeiten wie station\u00e4re Ger\u00e4te und stellen sicher, dass Patienten eine erstklassige medizinische Bildgebung erhalten, ohne in ein Krankenhaus fahren zu m\u00fcssen.<\/p>\n","protected":false},"excerpt":{"rendered":"<p>Mobile neue und Ex-europ\u00e4ische Trailerscanner-Systeme f\u00fcr Diagnosedienste in abgelegenen Gebieten.<\/p>\n","protected":false},"featured_media":855,"comment_status":"closed","ping_status":"closed","template":"","meta":[],"product_cat":[64,54],"product_tag":[],"class_list":{"0":"post-1037","1":"product","2":"type-product","3":"status-publish","4":"has-post-thumbnail","6":"product_cat-alle","7":"product_cat-mrt-scanner","9":"first","10":"instock","11":"shipping-taxable","12":"product-type-simple"},"_links":{"self":[{"href":"https:\/\/aura-trade.at\/de\/wp-json\/wp\/v2\/product\/1037","targetHints":{"allow":["GET"]}}],"collection":[{"href":"https:\/\/aura-trade.at\/de\/wp-json\/wp\/v2\/product"}],"about":[{"href":"https:\/\/aura-trade.at\/de\/wp-json\/wp\/v2\/types\/product"}],"replies":[{"embeddable":true,"href":"https:\/\/aura-trade.at\/de\/wp-json\/wp\/v2\/comments?post=1037"}],"wp:featuredmedia":[{"embeddable":true,"href":"https:\/\/aura-trade.at\/de\/wp-json\/wp\/v2\/media\/855"}],"wp:attachment":[{"href":"https:\/\/aura-trade.at\/de\/wp-json\/wp\/v2\/media?parent=1037"}],"wp:term":[{"taxonomy":"product_cat","embeddable":true,"href":"https:\/\/aura-trade.at\/de\/wp-json\/wp\/v2\/product_cat?post=1037"},{"taxonomy":"product_tag","embeddable":true,"href":"https:\/\/aura-trade.at\/de\/wp-json\/wp\/v2\/product_tag?post=1037"}],"curies":[{"name":"wp","href":"https:\/\/api.w.org\/{rel}","templated":true}]}}