{"id":1036,"date":"2024-07-01T23:55:55","date_gmt":"2024-07-01T21:55:55","guid":{"rendered":"https:\/\/aura-trade.at\/product\/herz-und-lungenmaschinen\/"},"modified":"2024-07-15T23:49:11","modified_gmt":"2024-07-15T21:49:11","slug":"herz-und-lungenmaschinen","status":"publish","type":"product","link":"https:\/\/aura-trade.at\/de\/shop\/chirurgische-operationssaal-ausrustungen\/herz-und-lungenmaschinen\/","title":{"rendered":"Herz- und Lungenmaschinen"},"content":{"rendered":"<p>Diese Ger\u00e4te sind bei Herzoperationen unverzichtbar, da sie den Kreislauf und die Atmung w\u00e4hrend der Operation aufrechterhalten. Sie verf\u00fcgen \u00fcber ausgekl\u00fcgelte Mechanismen, die eine pr\u00e4zise Steuerung der Sauerstoffzufuhr und des Kreislaufs erm\u00f6glichen. Das macht sie unentbehrlich bei komplexen kardiovaskul\u00e4ren Eingriffen, bei denen Pr\u00e4zision entscheidend f\u00fcr das Patientenergebnis ist.<\/p>\n","protected":false},"excerpt":{"rendered":"<p>Moderne neue und ehemalige europ\u00e4ische Herz- und Lungenmaschinen f\u00fcr die kardiopulmonale Unterst\u00fctzung.<\/p>\n","protected":false},"featured_media":901,"comment_status":"closed","ping_status":"closed","template":"","meta":[],"product_cat":[64,51],"product_tag":[],"class_list":{"0":"post-1036","1":"product","2":"type-product","3":"status-publish","4":"has-post-thumbnail","6":"product_cat-alle","7":"product_cat-chirurgische-operationssaal-ausrustungen","9":"first","10":"instock","11":"shipping-taxable","12":"product-type-simple"},"_links":{"self":[{"href":"https:\/\/aura-trade.at\/de\/wp-json\/wp\/v2\/product\/1036","targetHints":{"allow":["GET"]}}],"collection":[{"href":"https:\/\/aura-trade.at\/de\/wp-json\/wp\/v2\/product"}],"about":[{"href":"https:\/\/aura-trade.at\/de\/wp-json\/wp\/v2\/types\/product"}],"replies":[{"embeddable":true,"href":"https:\/\/aura-trade.at\/de\/wp-json\/wp\/v2\/comments?post=1036"}],"wp:featuredmedia":[{"embeddable":true,"href":"https:\/\/aura-trade.at\/de\/wp-json\/wp\/v2\/media\/901"}],"wp:attachment":[{"href":"https:\/\/aura-trade.at\/de\/wp-json\/wp\/v2\/media?parent=1036"}],"wp:term":[{"taxonomy":"product_cat","embeddable":true,"href":"https:\/\/aura-trade.at\/de\/wp-json\/wp\/v2\/product_cat?post=1036"},{"taxonomy":"product_tag","embeddable":true,"href":"https:\/\/aura-trade.at\/de\/wp-json\/wp\/v2\/product_tag?post=1036"}],"curies":[{"name":"wp","href":"https:\/\/api.w.org\/{rel}","templated":true}]}}