{"id":1033,"date":"2024-07-01T23:55:54","date_gmt":"2024-07-01T21:55:54","guid":{"rendered":"https:\/\/aura-trade.at\/product\/ueberwachungssysteme\/"},"modified":"2024-07-15T23:49:11","modified_gmt":"2024-07-15T21:49:11","slug":"ueberwachungssysteme","status":"publish","type":"product","link":"https:\/\/aura-trade.at\/de\/shop\/chirurgische-operationssaal-ausrustungen\/ueberwachungssysteme\/","title":{"rendered":"\u00dcberwachungssysteme"},"content":{"rendered":"<p>Unsere \u00dcberwachungssysteme sind mit den modernsten Sensoren und Software ausgestattet, um eine kontinuierliche \u00dcberwachung der kritischen Patientenwerte in Echtzeit zu gew\u00e4hrleisten. Sie wurden entwickelt, um die Patientenversorgung auf der Intensivstation und in der Chirurgie zu verbessern. Sie bieten anpassbare Alarme und Anzeigen, um sicherzustellen, dass das medizinische Personal sofort auf die Informationen zugreifen kann, die es braucht, um fundierte Entscheidungen zu treffen.<\/p>\n","protected":false},"excerpt":{"rendered":"<p>Fortschrittliche neue und ex-europ\u00e4ische \u00dcberwachungssysteme f\u00fcr die kontinuierliche Patienten\u00fcberwachung.<\/p>\n","protected":false},"featured_media":908,"comment_status":"closed","ping_status":"closed","template":"","meta":[],"product_cat":[64,51],"product_tag":[],"class_list":{"0":"post-1033","1":"product","2":"type-product","3":"status-publish","4":"has-post-thumbnail","6":"product_cat-alle","7":"product_cat-chirurgische-operationssaal-ausrustungen","9":"first","10":"instock","11":"shipping-taxable","12":"product-type-simple"},"_links":{"self":[{"href":"https:\/\/aura-trade.at\/de\/wp-json\/wp\/v2\/product\/1033","targetHints":{"allow":["GET"]}}],"collection":[{"href":"https:\/\/aura-trade.at\/de\/wp-json\/wp\/v2\/product"}],"about":[{"href":"https:\/\/aura-trade.at\/de\/wp-json\/wp\/v2\/types\/product"}],"replies":[{"embeddable":true,"href":"https:\/\/aura-trade.at\/de\/wp-json\/wp\/v2\/comments?post=1033"}],"wp:featuredmedia":[{"embeddable":true,"href":"https:\/\/aura-trade.at\/de\/wp-json\/wp\/v2\/media\/908"}],"wp:attachment":[{"href":"https:\/\/aura-trade.at\/de\/wp-json\/wp\/v2\/media?parent=1033"}],"wp:term":[{"taxonomy":"product_cat","embeddable":true,"href":"https:\/\/aura-trade.at\/de\/wp-json\/wp\/v2\/product_cat?post=1033"},{"taxonomy":"product_tag","embeddable":true,"href":"https:\/\/aura-trade.at\/de\/wp-json\/wp\/v2\/product_tag?post=1033"}],"curies":[{"name":"wp","href":"https:\/\/api.w.org\/{rel}","templated":true}]}}