{"id":1030,"date":"2024-07-01T23:55:55","date_gmt":"2024-07-01T21:55:55","guid":{"rendered":"https:\/\/aura-trade.at\/product\/mobile-roentgengeraete\/"},"modified":"2024-07-15T23:49:10","modified_gmt":"2024-07-15T21:49:10","slug":"mobile-roentgengeraete","status":"publish","type":"product","link":"https:\/\/aura-trade.at\/de\/shop\/rontgengerate\/mobile-roentgengeraete\/","title":{"rendered":"Mobile R\u00f6ntgenger\u00e4te"},"content":{"rendered":"<p>Diese mobilen R\u00f6ntgenger\u00e4te sind ideal f\u00fcr eine schnelle und effiziente diagnostische Bildgebung. Sie sind mit der neuesten Technologie ausgestattet, um unterwegs hochwertige Bilder zu liefern. Sie sind besonders n\u00fctzlich in Notaufnahmen, Sporteinrichtungen und an abgelegenen Orten, wo sie wichtige Diagnosem\u00f6glichkeiten bieten, wo immer sie ben\u00f6tigt werden.<\/p>\n","protected":false},"excerpt":{"rendered":"<p>Kompakte, neue und ehemalige europ\u00e4ische mobile R\u00f6ntgenger\u00e4te f\u00fcr flexible Bildgebungsl\u00f6sungen.<\/p>\n","protected":false},"featured_media":903,"comment_status":"closed","ping_status":"closed","template":"","meta":[],"product_cat":[64,52],"product_tag":[],"class_list":{"0":"post-1030","1":"product","2":"type-product","3":"status-publish","4":"has-post-thumbnail","6":"product_cat-alle","7":"product_cat-rontgengerate","9":"first","10":"instock","11":"shipping-taxable","12":"product-type-simple"},"_links":{"self":[{"href":"https:\/\/aura-trade.at\/de\/wp-json\/wp\/v2\/product\/1030","targetHints":{"allow":["GET"]}}],"collection":[{"href":"https:\/\/aura-trade.at\/de\/wp-json\/wp\/v2\/product"}],"about":[{"href":"https:\/\/aura-trade.at\/de\/wp-json\/wp\/v2\/types\/product"}],"replies":[{"embeddable":true,"href":"https:\/\/aura-trade.at\/de\/wp-json\/wp\/v2\/comments?post=1030"}],"wp:featuredmedia":[{"embeddable":true,"href":"https:\/\/aura-trade.at\/de\/wp-json\/wp\/v2\/media\/903"}],"wp:attachment":[{"href":"https:\/\/aura-trade.at\/de\/wp-json\/wp\/v2\/media?parent=1030"}],"wp:term":[{"taxonomy":"product_cat","embeddable":true,"href":"https:\/\/aura-trade.at\/de\/wp-json\/wp\/v2\/product_cat?post=1030"},{"taxonomy":"product_tag","embeddable":true,"href":"https:\/\/aura-trade.at\/de\/wp-json\/wp\/v2\/product_tag?post=1030"}],"curies":[{"name":"wp","href":"https:\/\/api.w.org\/{rel}","templated":true}]}}