{"id":1025,"date":"2024-07-01T23:55:53","date_gmt":"2024-07-01T21:55:53","guid":{"rendered":"https:\/\/aura-trade.at\/product\/densitometer\/"},"modified":"2024-07-15T23:49:11","modified_gmt":"2024-07-15T21:49:11","slug":"densitometer","status":"publish","type":"product","link":"https:\/\/aura-trade.at\/de\/shop\/radiologie-bildgebung\/densitometer\/","title":{"rendered":"Densitometer"},"content":{"rendered":"<p>Diese neuen und ex-europ\u00e4ischen Densitometer wurden f\u00fcr die Messung der Knochenmineraldichte entwickelt und sind entscheidend f\u00fcr die Diagnose und Behandlung von Osteoporose und anderen Erkrankungen, die mit Knochenschwund einhergehen. Sie verwenden die fortschrittliche Dual-Energy-R\u00f6ntgenabsorptiometrie (DEXA), um genaue und zuverl\u00e4ssige Messungen der Knochendichte durchzuf\u00fchren, die bei der Bewertung des Frakturrisikos und der \u00dcberwachung der Wirksamkeit der Behandlung helfen.<\/p>\n","protected":false},"excerpt":{"rendered":"<p>Robuste neue und ex-europ\u00e4ische Densitometer f\u00fcr die Knochendichteanalyse.<\/p>\n","protected":false},"featured_media":912,"comment_status":"closed","ping_status":"closed","template":"","meta":[],"product_cat":[64,47],"product_tag":[],"class_list":{"0":"post-1025","1":"product","2":"type-product","3":"status-publish","4":"has-post-thumbnail","6":"product_cat-alle","7":"product_cat-radiologie-bildgebung","9":"first","10":"instock","11":"shipping-taxable","12":"product-type-simple"},"_links":{"self":[{"href":"https:\/\/aura-trade.at\/de\/wp-json\/wp\/v2\/product\/1025","targetHints":{"allow":["GET"]}}],"collection":[{"href":"https:\/\/aura-trade.at\/de\/wp-json\/wp\/v2\/product"}],"about":[{"href":"https:\/\/aura-trade.at\/de\/wp-json\/wp\/v2\/types\/product"}],"replies":[{"embeddable":true,"href":"https:\/\/aura-trade.at\/de\/wp-json\/wp\/v2\/comments?post=1025"}],"wp:featuredmedia":[{"embeddable":true,"href":"https:\/\/aura-trade.at\/de\/wp-json\/wp\/v2\/media\/912"}],"wp:attachment":[{"href":"https:\/\/aura-trade.at\/de\/wp-json\/wp\/v2\/media?parent=1025"}],"wp:term":[{"taxonomy":"product_cat","embeddable":true,"href":"https:\/\/aura-trade.at\/de\/wp-json\/wp\/v2\/product_cat?post=1025"},{"taxonomy":"product_tag","embeddable":true,"href":"https:\/\/aura-trade.at\/de\/wp-json\/wp\/v2\/product_tag?post=1025"}],"curies":[{"name":"wp","href":"https:\/\/api.w.org\/{rel}","templated":true}]}}