{"id":1024,"date":"2024-07-01T23:55:53","date_gmt":"2024-07-01T21:55:53","guid":{"rendered":"https:\/\/aura-trade.at\/product\/ct-scanner-pet-ct-scanner\/"},"modified":"2024-07-15T23:49:11","modified_gmt":"2024-07-15T21:49:11","slug":"ct-scanner-pet-ct-scanner","status":"publish","type":"product","link":"https:\/\/aura-trade.at\/de\/shop\/radiologie-bildgebung\/ct-scanner-pet-ct-scanner\/","title":{"rendered":"CT-Scanner &amp; PET-CT-Scanner"},"content":{"rendered":"<p>Diese CT- und PET-CT-Scanner von f\u00fchrenden europ\u00e4ischen Herstellern bieten fortschrittliche Bildgebungsfunktionen und erm\u00f6glichen detaillierte und pr\u00e4zise Scans, die f\u00fcr eine effektive Diagnose und Behandlungsplanung in der Onkologie, Neurologie und dar\u00fcber hinaus entscheidend sind. Die Integration der PET-Technologie erm\u00f6glicht eine metabolische und physiologische Bildgebung, die der Krebsbehandlung und -forschung eine wertvolle Dimension verleiht.<\/p>\n","protected":false},"excerpt":{"rendered":"<p>Neue und ex-europ\u00e4ische CT- und PET-CT-Scanner f\u00fcr eine umfassende Diagnostik.<\/p>\n","protected":false},"featured_media":909,"comment_status":"closed","ping_status":"closed","template":"","meta":[],"product_cat":[64,47],"product_tag":[],"class_list":{"0":"post-1024","1":"product","2":"type-product","3":"status-publish","4":"has-post-thumbnail","6":"product_cat-alle","7":"product_cat-radiologie-bildgebung","9":"first","10":"instock","11":"shipping-taxable","12":"product-type-simple"},"_links":{"self":[{"href":"https:\/\/aura-trade.at\/de\/wp-json\/wp\/v2\/product\/1024","targetHints":{"allow":["GET"]}}],"collection":[{"href":"https:\/\/aura-trade.at\/de\/wp-json\/wp\/v2\/product"}],"about":[{"href":"https:\/\/aura-trade.at\/de\/wp-json\/wp\/v2\/types\/product"}],"replies":[{"embeddable":true,"href":"https:\/\/aura-trade.at\/de\/wp-json\/wp\/v2\/comments?post=1024"}],"wp:featuredmedia":[{"embeddable":true,"href":"https:\/\/aura-trade.at\/de\/wp-json\/wp\/v2\/media\/909"}],"wp:attachment":[{"href":"https:\/\/aura-trade.at\/de\/wp-json\/wp\/v2\/media?parent=1024"}],"wp:term":[{"taxonomy":"product_cat","embeddable":true,"href":"https:\/\/aura-trade.at\/de\/wp-json\/wp\/v2\/product_cat?post=1024"},{"taxonomy":"product_tag","embeddable":true,"href":"https:\/\/aura-trade.at\/de\/wp-json\/wp\/v2\/product_tag?post=1024"}],"curies":[{"name":"wp","href":"https:\/\/api.w.org\/{rel}","templated":true}]}}