{"id":1022,"date":"2024-07-01T23:55:53","date_gmt":"2024-07-01T21:55:53","guid":{"rendered":"https:\/\/aura-trade.at\/product\/starre-endoskope\/"},"modified":"2024-07-15T23:49:12","modified_gmt":"2024-07-15T21:49:12","slug":"starre-endoskope","status":"publish","type":"product","link":"https:\/\/aura-trade.at\/de\/shop\/endoskopie-ausrustungen-2\/starre-endoskope\/","title":{"rendered":"Starre Endoskope"},"content":{"rendered":"<p>Die starren Endoskope in unserer Kollektion sind auf Haltbarkeit und Pr\u00e4zision ausgelegt. Mit ihren hochwertigen optischen Systemen liefern sie klare, helle Bilder, die f\u00fcr eine Vielzahl von diagnostischen und chirurgischen Verfahren in der Urologie, Gyn\u00e4kologie und allgemeinen Chirurgie entscheidend sind. Ihre robuste Konstruktion gew\u00e4hrleistet langfristige Zuverl\u00e4ssigkeit und Leistung in anspruchsvollen medizinischen Umgebungen.<\/p>\n","protected":false},"excerpt":{"rendered":"<p>Langlebige neue und ex-europ\u00e4ische starre Endoskope f\u00fcr eine Vielzahl von endoskopischen Eingriffen.<\/p>\n","protected":false},"featured_media":914,"comment_status":"closed","ping_status":"closed","template":"","meta":[],"product_cat":[64,49],"product_tag":[],"class_list":{"0":"post-1022","1":"product","2":"type-product","3":"status-publish","4":"has-post-thumbnail","6":"product_cat-alle","7":"product_cat-endoskopie-ausrustungen-2","9":"first","10":"instock","11":"shipping-taxable","12":"product-type-simple"},"_links":{"self":[{"href":"https:\/\/aura-trade.at\/de\/wp-json\/wp\/v2\/product\/1022","targetHints":{"allow":["GET"]}}],"collection":[{"href":"https:\/\/aura-trade.at\/de\/wp-json\/wp\/v2\/product"}],"about":[{"href":"https:\/\/aura-trade.at\/de\/wp-json\/wp\/v2\/types\/product"}],"replies":[{"embeddable":true,"href":"https:\/\/aura-trade.at\/de\/wp-json\/wp\/v2\/comments?post=1022"}],"wp:featuredmedia":[{"embeddable":true,"href":"https:\/\/aura-trade.at\/de\/wp-json\/wp\/v2\/media\/914"}],"wp:attachment":[{"href":"https:\/\/aura-trade.at\/de\/wp-json\/wp\/v2\/media?parent=1022"}],"wp:term":[{"taxonomy":"product_cat","embeddable":true,"href":"https:\/\/aura-trade.at\/de\/wp-json\/wp\/v2\/product_cat?post=1022"},{"taxonomy":"product_tag","embeddable":true,"href":"https:\/\/aura-trade.at\/de\/wp-json\/wp\/v2\/product_tag?post=1022"}],"curies":[{"name":"wp","href":"https:\/\/api.w.org\/{rel}","templated":true}]}}