{"id":1017,"date":"2024-07-01T23:42:44","date_gmt":"2024-07-01T21:42:44","guid":{"rendered":"https:\/\/aura-trade.at\/product\/mammographie-einheiten\/"},"modified":"2024-07-15T23:49:12","modified_gmt":"2024-07-15T21:49:12","slug":"mammographie-einheiten","status":"publish","type":"product","link":"https:\/\/aura-trade.at\/de\/shop\/radiologie-bildgebung\/mammographie-einheiten\/","title":{"rendered":"Mammographie-Einheiten"},"content":{"rendered":"<p>Diese neuen und ehemaligen europ\u00e4ischen Mammographieger\u00e4te nutzen modernste Bildgebungstechnologie, um au\u00dfergew\u00f6hnliche Klarheit und Pr\u00e4zision zu bieten, die f\u00fcr die Fr\u00fcherkennung und Diagnose von Brustkrebs unerl\u00e4sslich sind. Sie verf\u00fcgen \u00fcber eine hochentwickelte Software f\u00fcr eine verbesserte Bildverarbeitung und ein ergonomisches Design f\u00fcr den Patientenkomfort, das ein Screening mit hohem Durchsatz bei minimalem Unbehagen gew\u00e4hrleistet.<\/p>\n","protected":false},"excerpt":{"rendered":"<p>Moderne neue und ehemalige europ\u00e4ische Mammographieger\u00e4te f\u00fcr eine zuverl\u00e4ssige Brustbildgebung.<\/p>\n","protected":false},"featured_media":950,"comment_status":"closed","ping_status":"closed","template":"","meta":[],"product_cat":[64,47],"product_tag":[],"class_list":{"0":"post-1017","1":"product","2":"type-product","3":"status-publish","4":"has-post-thumbnail","6":"product_cat-alle","7":"product_cat-radiologie-bildgebung","9":"first","10":"instock","11":"shipping-taxable","12":"product-type-simple"},"_links":{"self":[{"href":"https:\/\/aura-trade.at\/de\/wp-json\/wp\/v2\/product\/1017","targetHints":{"allow":["GET"]}}],"collection":[{"href":"https:\/\/aura-trade.at\/de\/wp-json\/wp\/v2\/product"}],"about":[{"href":"https:\/\/aura-trade.at\/de\/wp-json\/wp\/v2\/types\/product"}],"replies":[{"embeddable":true,"href":"https:\/\/aura-trade.at\/de\/wp-json\/wp\/v2\/comments?post=1017"}],"wp:featuredmedia":[{"embeddable":true,"href":"https:\/\/aura-trade.at\/de\/wp-json\/wp\/v2\/media\/950"}],"wp:attachment":[{"href":"https:\/\/aura-trade.at\/de\/wp-json\/wp\/v2\/media?parent=1017"}],"wp:term":[{"taxonomy":"product_cat","embeddable":true,"href":"https:\/\/aura-trade.at\/de\/wp-json\/wp\/v2\/product_cat?post=1017"},{"taxonomy":"product_tag","embeddable":true,"href":"https:\/\/aura-trade.at\/de\/wp-json\/wp\/v2\/product_tag?post=1017"}],"curies":[{"name":"wp","href":"https:\/\/api.w.org\/{rel}","templated":true}]}}