{"id":959,"date":"2024-07-01T20:56:07","date_gmt":"2024-07-01T18:56:07","guid":{"rendered":"https:\/\/aura-trade.at\/datenschutzbestimmungen\/"},"modified":"2024-07-12T21:58:54","modified_gmt":"2024-07-12T19:58:54","slug":"datenschutzbestimmungen","status":"publish","type":"page","link":"https:\/\/aura-trade.at\/de\/datenschutzbestimmungen\/","title":{"rendered":"Datenschutzbestimmungen"},"content":{"rendered":"\n<h1 class=\"wp-block-heading\">1. Ein \u00dcberblick \u00fcber den Datenschutz<\/h1>\n\n<h3 class=\"wp-block-heading\">ALLGEMEINE INFORMATIONEN<\/h3>\n\n<p>Die folgenden Informationen geben einen einfachen \u00dcberblick dar\u00fcber, was mit Ihren pers\u00f6nlichen Daten geschieht, wenn Sie diese Website besuchen. Personenbezogene Daten sind alle Daten, mit denen Sie pers\u00f6nlich identifiziert werden k\u00f6nnen. Ausf\u00fchrliche Informationen zum Thema Datenschutz finden Sie in unserer Datenschutzrichtlinie, die Sie unter diesem Text finden.<\/p>\n\n<h3 class=\"wp-block-heading\">DATENERFASSUNG AUF DIESER WEBSITE<\/h3>\n\n<h4 class=\"wp-block-heading\">Wer ist f\u00fcr die Datenerfassung auf dieser Website verantwortlich?<\/h4>\n\n<p>Die Datenverarbeitung auf dieser Website erfolgt durch den Betreiber der Website. Deren Kontaktdaten finden Sie im Abschnitt &#8222;Hinweis auf die verantwortliche Stelle&#8220; in dieser Datenschutzerkl\u00e4rung.<\/p>\n\n<h4 class=\"wp-block-heading\">Wie sammeln wir Ihre Daten?<\/h4>\n\n<p>Ihre Daten werden in erster Linie dadurch erhoben, dass Sie sie uns zur Verf\u00fcgung stellen. Das k\u00f6nnen zum Beispiel Daten sein, die Sie in ein Kontaktformular eingeben.<\/p>\n\n<p>Andere Daten werden automatisch oder nach Ihrer Zustimmung von unseren IT-Systemen erfasst, wenn Sie die Website besuchen. Bei diesen Daten handelt es sich haupts\u00e4chlich um technische Daten (z.B. Internetbrowser, Betriebssystem oder die Zeit des Seitenbesuchs). Diese Daten werden automatisch erfasst, sobald Sie diese Website betreten.<\/p>\n\n<h4 class=\"wp-block-heading\">Wof\u00fcr verwenden wir Ihre Daten?<\/h4>\n\n<p>Ein Teil der Daten wird erhoben, um das ordnungsgem\u00e4\u00dfe Funktionieren der Website zu gew\u00e4hrleisten. Andere Daten k\u00f6nnen verwendet werden, um Ihr Nutzerverhalten zu analysieren.<\/p>\n\n<h4 class=\"wp-block-heading\">Welche Rechte haben Sie in Bezug auf Ihre Daten?<\/h4>\n\n<p>Sie haben jederzeit das Recht, unentgeltlich Auskunft \u00fcber Herkunft, Empf\u00e4nger und Zweck Ihrer gespeicherten personenbezogenen Daten zu erhalten. Sie haben auch das Recht, die Korrektur oder L\u00f6schung dieser Daten zu verlangen. Wenn Sie Ihre Einwilligung zur Datenverarbeitung gegeben haben, k\u00f6nnen Sie diese Einwilligung jederzeit f\u00fcr die Zukunft widerrufen. Au\u00dferdem haben Sie das Recht, unter bestimmten Umst\u00e4nden die Einschr\u00e4nkung der Verarbeitung Ihrer personenbezogenen Daten zu verlangen. Sie haben auch das Recht, eine Beschwerde bei der zust\u00e4ndigen Aufsichtsbeh\u00f6rde einzureichen.<\/p>\n\n<p>Zu diesem und anderen Fragen zum Thema Datenschutz k\u00f6nnen Sie sich jederzeit an uns wenden.<\/p>\n\n<h3 class=\"wp-block-heading\">ANALYSETOOLS UND TOOLS VON DRITTANBIETERN<\/h3>\n\n<p>Wenn Sie diese Website besuchen, kann Ihr Surfverhalten statistisch ausgewertet werden. Dies geschieht haupts\u00e4chlich bei Analyseprogrammen.<\/p>\n\n<p>Detaillierte Informationen zu diesen Analyseprogrammen finden Sie in der folgenden Datenschutzerkl\u00e4rung.<\/p>\n\n<h2 class=\"wp-block-heading\">2. HOSTING<\/h2>\n\n<p>Wir hosten den Inhalt unserer Website bei folgendem Anbieter:<\/p>\n\n<h3 class=\"wp-block-heading\">ALL-INKL<\/h3>\n\n<p>Der Anbieter ist ALL-INKL.COM &#8211; Neue Medien M\u00fcnnich, Inh. Ren\u00e9 M\u00fcnnich, Hauptstra\u00dfe 68, 02742 Friedersdorf (im Folgenden All-Inkl genannt). Einzelheiten finden Sie in der Datenschutzrichtlinie von All-Inkl: <a href=\"https:\/\/all-inkl.com\/datenschutzinformationen\/\" target=\"_blank\" rel=\"noreferrer noopener\">https:\/\/all-inkl.com\/datenschutzinformationen\/.<\/a><\/p>\n\n<p>Die Verwendung von All-Inkl basiert auf Art. 6 (1) lit. f GDPR. Wir haben ein berechtigtes Interesse an einer m\u00f6glichst zuverl\u00e4ssigen Darstellung unserer Website. Wenn eine entsprechende Einwilligung eingeholt wurde, erfolgt die Verarbeitung ausschlie\u00dflich auf der Grundlage von Art. 6 (1) lit. a GDPR und \u00a7 25 (1) TDDG, soweit die Einwilligung die Speicherung von Cookies oder den Zugriff auf Informationen auf dem Ger\u00e4t des Nutzers (z.B. Device Fingerprinting) im Sinne des TDDG umfasst. Die Zustimmung kann jederzeit widerrufen werden.<\/p>\n\n<h4 class=\"wp-block-heading\">Auftragsbearbeitung<\/h4>\n\n<p>F\u00fcr die Nutzung des oben genannten Dienstes haben wir einen Vertrag zur Auftragsverarbeitung (AVV) abgeschlossen. Dies ist ein gesetzlich vorgeschriebener Vertrag, der sicherstellt, dass dieser Anbieter die pers\u00f6nlichen Daten unserer Website-Besucher nur nach unseren Anweisungen und in \u00dcbereinstimmung mit der DSGVO verarbeitet.<\/p>\n\n<h2 class=\"wp-block-heading\">3. ALLGEMEINE INFORMATIONEN UND OBLIGATORISCHE INFORMATIONEN<\/h2>\n\n<h3 class=\"wp-block-heading\">DATENSCHUTZ<\/h3>\n\n<p>Die Betreiber dieser Seiten nehmen den Schutz Ihrer pers\u00f6nlichen Daten sehr ernst. Wir behandeln Ihre pers\u00f6nlichen Daten vertraulich und in \u00dcbereinstimmung mit den gesetzlichen Datenschutzbestimmungen und dieser Datenschutzrichtlinie.<\/p>\n\n<p>Wenn Sie diese Website nutzen, werden verschiedene pers\u00f6nliche Daten erhoben. Personenbezogene Daten sind Daten, mit denen Sie pers\u00f6nlich identifiziert werden k\u00f6nnen. Diese Datenschutzerkl\u00e4rung erkl\u00e4rt, welche Daten wir sammeln und wof\u00fcr wir sie verwenden. Sie erkl\u00e4rt auch, wie und zu welchem Zweck dies geschieht.<\/p>\n\n<p>Wir m\u00f6chten Sie darauf hinweisen, dass die Daten\u00fcbertragung im Internet (z.B. bei der Kommunikation per E-Mail) Sicherheitsl\u00fccken aufweisen kann. Ein vollst\u00e4ndiger Schutz der Daten vor dem Zugriff durch Dritte ist nicht m\u00f6glich.<\/p>\n\n<h3 class=\"wp-block-heading\">HINWEIS AUF DIE ZUST\u00c4NDIGE STELLE<\/h3>\n\n<p>Die verantwortliche Stelle f\u00fcr die Datenverarbeitung auf dieser Website ist:<\/p>\n\n<p><strong>AURA Handel und Kapital GmbH<\/strong><br\/>Heuberg 6<br\/>4441 Behamberg<br\/>\u00d6sterreich<\/p>\n\n<p><strong>Kontakt:<\/strong><br\/>E-Mail: office@aura-trade.at<br\/>Telefon: +43 676 6333955<\/p>\n\n<p><strong>Registrierungsnummer des Unternehmens:<\/strong><br\/>FN 630185 v<br\/><strong>Gesch\u00e4ftsf\u00fchrerin:<\/strong><br\/>Peter Rassweiler<\/p>\n\n<p>Die verantwortliche Stelle ist die nat\u00fcrliche oder juristische Person, die allein oder gemeinsam mit anderen \u00fcber die Zwecke und Mittel der Verarbeitung personenbezogener Daten (z. B. Namen, E-Mail-Adressen usw.) entscheidet.<\/p>\n\n<h3 class=\"wp-block-heading\">SPEICHERDAUER<\/h3>\n\n<p>Sofern in dieser Datenschutzerkl\u00e4rung keine genauere Aufbewahrungsfrist angegeben ist, verbleiben Ihre personenbezogenen Daten bei uns, bis der Zweck der Datenverarbeitung entf\u00e4llt. Wenn Sie einen berechtigten Antrag auf L\u00f6schung stellen oder Ihre Einwilligung zur Datenverarbeitung widerrufen, werden Ihre Daten gel\u00f6scht, sofern wir keine anderen gesetzlich zul\u00e4ssigen Gr\u00fcnde f\u00fcr die Speicherung Ihrer personenbezogenen Daten haben (z.B. steuer- oder handelsrechtliche Aufbewahrungsfristen); im letzteren Fall erfolgt die L\u00f6schung nach Wegfall dieser Gr\u00fcnde.<\/p>\n\n<h3 class=\"wp-block-heading\">ALLGEMEINE INFORMATIONEN \u00dcBER DIE RECHTSGRUNDLAGE DER DATENVERARBEITUNG AUF DIESER WEBSITE<\/h3>\n\n<p>Wenn Sie in die Datenverarbeitung eingewilligt haben, verarbeiten wir Ihre personenbezogenen Daten auf der Grundlage von Art. 6 (1) lit. a GDPR oder Art. 9 (2) lit. a GDPR, wenn besondere Datenkategorien gem\u00e4\u00df Art. 9 (1) GDPR verarbeitet werden. Im Falle einer ausdr\u00fccklichen Einwilligung in die \u00dcbermittlung personenbezogener Daten in Drittl\u00e4nder beruht die Datenverarbeitung auch auf Art. 49 (1) lit. a GDPR. Wenn Sie in die Speicherung von Cookies oder in den Zugriff auf Informationen in Ihrem Endger\u00e4t (z.B. \u00fcber Device Fingerprinting) eingewilligt haben, beruht die Datenverarbeitung zus\u00e4tzlich auf \u00a7 25 (1) TDDG. Die Zustimmung kann jederzeit widerrufen werden. Wenn Ihre Daten f\u00fcr die Erf\u00fcllung eines Vertrages oder f\u00fcr die Durchf\u00fchrung vorvertraglicher Ma\u00dfnahmen erforderlich sind, verarbeiten wir Ihre Daten auf der Grundlage von Art. 6 (1) lit. b GDPR. Dar\u00fcber hinaus verarbeiten wir Ihre Daten, wenn dies f\u00fcr die Erf\u00fcllung einer gesetzlichen Verpflichtung auf der Grundlage von Art. 6 (1) lit. c GDPR. Die Datenverarbeitung kann auch auf unserem berechtigten Interesse gem\u00e4\u00df Art. 6 (1) lit. f GDPR. Die jeweils geltende Rechtsgrundlage wird in den folgenden Abs\u00e4tzen dieser Datenschutzerkl\u00e4rung erl\u00e4utert.<\/p>\n\n<h3 class=\"wp-block-heading\">HINWEIS ZUR DATEN\u00dcBERMITTLUNG IN NICHT SANKTIONIERTE DRITTL\u00c4NDER UND ZUR \u00dcBERMITTLUNG AN NICHT DPF-ZERTIFIZIERTE US-UNTERNEHMEN<\/h3>\n\n<p>Wir verwenden Tools von Unternehmen mit Sitz in nicht sanktionierten Drittl\u00e4ndern und US-Tools, deren Anbieter nicht gem\u00e4\u00df dem EU-US Data Privacy Framework (DPF) zertifiziert sind. Wenn diese Tools aktiv sind, k\u00f6nnen Ihre pers\u00f6nlichen Daten in diese L\u00e4nder \u00fcbertragen und dort verarbeitet werden. Wir weisen darauf hin, dass in nicht-sanktionierten Drittl\u00e4ndern kein mit der EU vergleichbares Datenschutzniveau gew\u00e4hrleistet werden kann.<\/p>\n\n<p>Wir weisen darauf hin, dass die USA als sicherer Drittstaat im Allgemeinen ein vergleichbares Datenschutzniveau wie die EU haben. Eine Daten\u00fcbermittlung in die USA ist daher zul\u00e4ssig, wenn der Empf\u00e4nger eine Zertifizierung nach dem &#8222;EU-US Data Privacy Framework&#8220; (DPF) besitzt oder \u00fcber angemessene zus\u00e4tzliche Garantien verf\u00fcgt. Informationen zur \u00dcbermittlung in Drittl\u00e4nder, einschlie\u00dflich der Empf\u00e4nger der Daten, finden Sie in dieser Datenschutzerkl\u00e4rung.<\/p>\n\n<h3 class=\"wp-block-heading\">EMPF\u00c4NGER VON PERSONENBEZOGENEN DATEN<\/h3>\n\n<p>Im Rahmen unserer Gesch\u00e4ftsaktivit\u00e4ten arbeiten wir mit verschiedenen externen Parteien zusammen. Dies erfordert manchmal die \u00dcbermittlung von personenbezogenen Daten an diese externen Parteien. Wir geben personenbezogene Daten nur dann an Externe weiter, wenn dies f\u00fcr die Erf\u00fcllung eines Vertrages erforderlich ist, wenn wir gesetzlich dazu verpflichtet sind (z.B. \u00dcbermittlung von Daten an Finanzbeh\u00f6rden), wenn wir ein berechtigtes Interesse gem\u00e4\u00df Art. 6 (1) lit. f GDPR bei der \u00dcbermittlung, oder wenn eine andere Rechtsgrundlage die Daten\u00fcbermittlung erlaubt. Wenn wir Auftragsverarbeiter einsetzen, \u00fcbermitteln wir personenbezogene Daten unserer Kunden nur auf der Grundlage eines g\u00fcltigen Auftragsverarbeitungsvertrags. Im Falle einer gemeinsamen Verarbeitung wird ein gemeinsamer Verarbeitungsvertrag geschlossen.<\/p>\n\n<h3 class=\"wp-block-heading\">WIDERRUF IHRER ZUSTIMMUNG ZUR DATENVERARBEITUNG<\/h3>\n\n<p>Viele Datenverarbeitungsvorg\u00e4nge sind nur mit Ihrer ausdr\u00fccklichen Zustimmung m\u00f6glich. Sie k\u00f6nnen eine bereits erteilte Einwilligung jederzeit widerrufen. Die Rechtm\u00e4\u00dfigkeit der bis zum Widerruf erfolgten Datenverarbeitung bleibt vom Widerruf unber\u00fchrt.<\/p>\n\n<h3 class=\"wp-block-heading\">RECHT AUF WIDERSPRUCH GEGEN DIE DATENERHEBUNG IN BESONDEREN F\u00c4LLEN UND GEGEN DIREKTMARKETING (ART. 21 GDPR)<\/h3>\n\n<p>WENN DIE DATENVERARBEITUNG AUF DER GRUNDLAGE VON ART. 6 (1) LIT. E ODER F GDPR HABEN SIE DAS RECHT, AUS GR\u00dcNDEN, DIE SICH AUS IHRER BESONDEREN SITUATION ERGEBEN, JEDERZEIT GEGEN DIE VERARBEITUNG IHRER PERSONENBEZOGENEN DATEN WIDERSPRUCH EINZULEGEN; DIES GILT AUCH F\u00dcR EIN AUF DIESE BESTIMMUNGEN GEST\u00dcTZTES PROFILING. DIE JEWEILIGE RECHTSGRUNDLAGE, AUF DIE SICH EINE VERARBEITUNG ST\u00dcTZT, FINDEN SIE IN DIESER DATENSCHUTZRICHTLINIE. WENN SIE WIDERSPRUCH EINLEGEN, WERDEN WIR IHRE BETROFFENEN PERSONENBEZOGENEN DATEN NICHT MEHR VERARBEITEN, ES SEI DENN, WIR K\u00d6NNEN ZWINGENDE SCHUTZW\u00dcRDIGE GR\u00dcNDE F\u00dcR DIE VERARBEITUNG NACHWEISEN, DIE IHRE INTERESSEN, RECHTE UND FREIHEITEN \u00dcBERWIEGEN, ODER DIE VERARBEITUNG DIENT DER GELTENDMACHUNG, AUS\u00dcBUNG ODER VERTEIDIGUNG VON RECHTSANSPR\u00dcCHEN (WIDERSPRUCH GEM\u00c4SS ART. 21 (1) GDPR).<\/p>\n\n<p>WENN IHRE PERSONENBEZOGENEN DATEN F\u00dcR ZWECKE DER DIREKTWERBUNG VERARBEITET WERDEN, HABEN SIE DAS RECHT, JEDERZEIT WIDERSPRUCH GEGEN DIE VERARBEITUNG IHRER PERSONENBEZOGENEN DATEN ZUM ZWECKE DERARTIGER WERBUNG EINZULEGEN; DIES GILT AUCH F\u00dcR DAS PROFILING, SOWEIT ES MIT SOLCHER DIREKTWERBUNG IN VERBINDUNG STEHT. WENN SIE WIDERSPRECHEN, WERDEN IHRE PERSONENBEZOGENEN DATEN NICHT MEHR F\u00dcR DIREKTMARKETINGZWECKE VERWENDET (WIDERSPRUCH GEM\u00c4SS ART. 21 (2) GDPR).<\/p>\n\n<h3 class=\"wp-block-heading\">DAS RECHT, EINE BESCHWERDE BEI DER ZUST\u00c4NDIGEN AUFSICHTSBEH\u00d6RDE EINZUREICHEN<\/h3>\n\n<p>Im Falle von Verst\u00f6\u00dfen gegen die DSGVO haben betroffene Personen das Recht, eine Beschwerde bei einer Aufsichtsbeh\u00f6rde einzureichen, insbesondere in dem Mitgliedstaat ihres gew\u00f6hnlichen Aufenthalts, ihres Arbeitsplatzes oder des Ortes des mutma\u00dflichen Versto\u00dfes. Das Recht, eine Beschwerde einzureichen, besteht unbeschadet anderer administrativer oder gerichtlicher Rechtsbehelfe.<\/p>\n\n<h3 class=\"wp-block-heading\">RECHT AUF DATEN\u00dcBERTRAGBARKEIT<\/h3>\n\n<p>Sie haben das Recht, Daten, die wir aufgrund Ihrer Einwilligung oder in Erf\u00fcllung eines Vertrages verarbeiten, automatisch an sich selbst oder an einen Dritten in einem standardisierten, maschinenlesbaren Format zu \u00fcbermitteln. Wenn Sie die direkte \u00dcbermittlung der Daten an einen anderen f\u00fcr die Verarbeitung Verantwortlichen verlangen, wird dies nur im Rahmen der technischen M\u00f6glichkeiten geschehen.<\/p>\n\n<h3 class=\"wp-block-heading\">INFORMATIONEN, BERICHTIGUNG UND L\u00d6SCHUNG<\/h3>\n\n<p>Sie haben im Rahmen der geltenden gesetzlichen Bestimmungen jederzeit das Recht auf unentgeltliche Auskunft \u00fcber Ihre gespeicherten personenbezogenen Daten, deren Herkunft und Empf\u00e4nger und den Zweck der Datenverarbeitung sowie ggf. ein Recht auf Berichtigung oder L\u00f6schung dieser Daten. Zu diesem und anderen Fragen zum Thema personenbezogene Daten k\u00f6nnen Sie sich jederzeit an uns wenden.<\/p>\n\n<h3 class=\"wp-block-heading\">RECHT AUF EINSCHR\u00c4NKUNG DER VERARBEITUNG<\/h3>\n\n<p>Sie haben das Recht, die Einschr\u00e4nkung der Verarbeitung Ihrer personenbezogenen Daten zu verlangen. Zu diesem Zweck k\u00f6nnen Sie uns jederzeit kontaktieren. Das Recht auf Einschr\u00e4nkung der Verarbeitung besteht in den folgenden F\u00e4llen:<\/p>\n\n<ul class=\"wp-block-list\">\n<li>Wenn Sie die Richtigkeit Ihrer bei uns gespeicherten pers\u00f6nlichen Daten bestreiten, ben\u00f6tigen wir in der Regel Zeit, um dies zu \u00fcberpr\u00fcfen. F\u00fcr die Dauer der \u00dcberpr\u00fcfung haben Sie das Recht, die Einschr\u00e4nkung der Verarbeitung Ihrer personenbezogenen Daten zu verlangen.<\/li>\n\n\n\n<li>Wenn die Verarbeitung Ihrer personenbezogenen Daten unrechtm\u00e4\u00dfig war\/ist, k\u00f6nnen Sie anstelle der L\u00f6schung die Einschr\u00e4nkung der Datenverarbeitung verlangen.<\/li>\n\n\n\n<li>Wenn wir Ihre personenbezogenen Daten nicht mehr ben\u00f6tigen, Sie diese aber zur Aus\u00fcbung, Verteidigung oder Geltendmachung von Rechtsanspr\u00fcchen ben\u00f6tigen, haben Sie das Recht, anstelle der L\u00f6schung die Einschr\u00e4nkung der Verarbeitung Ihrer personenbezogenen Daten zu verlangen.<\/li>\n\n\n\n<li>Wenn Sie einen Widerspruch gem\u00e4\u00df Art. 21 (1) GDPR eingelegt haben, muss eine Abw\u00e4gung zwischen Ihren und unseren Interessen vorgenommen werden. Solange noch nicht gekl\u00e4rt ist, wessen Interessen \u00fcberwiegen, haben Sie das Recht, die Einschr\u00e4nkung der Verarbeitung Ihrer personenbezogenen Daten zu verlangen.<\/li>\n<\/ul>\n\n<p>Wenn Sie die Verarbeitung Ihrer personenbezogenen Daten eingeschr\u00e4nkt haben, d\u00fcrfen diese Daten &#8211; abgesehen von ihrer Speicherung &#8211; nur mit Ihrer Einwilligung oder zur Geltendmachung, Aus\u00fcbung oder Verteidigung von Rechtsanspr\u00fcchen oder zum Schutz der Rechte einer anderen nat\u00fcrlichen oder juristischen Person oder aus Gr\u00fcnden eines wichtigen \u00f6ffentlichen Interesses der Europ\u00e4ischen Union oder eines Mitgliedstaats verarbeitet werden.<\/p>\n\n<h3 class=\"wp-block-heading\">SSL- ODER TLS-VERSCHL\u00dcSSELUNG<\/h3>\n\n<p>Diese Website verwendet aus Sicherheitsgr\u00fcnden und zum Schutz der \u00dcbertragung vertraulicher Inhalte, wie z.B. Bestellungen oder Anfragen, die Sie an uns als Website-Betreiber senden, eine SSL- oder TLS-Verschl\u00fcsselung. Eine verschl\u00fcsselte Verbindung erkennen Sie daran, dass die Adresszeile f\u00fcr die datenschutzkonforme Implementierung des Tools auf unserer Website steht. F\u00fcr die Datensicherheit der Facebook-Produkte ist Facebook verantwortlich. Die Rechte der Betroffenen (z.B. Auskunftsersuchen) in Bezug auf die von Facebook verarbeiteten Daten k\u00f6nnen direkt bei Facebook geltend gemacht werden. Wenn Sie die Betroffenenrechte bei uns geltend machen, sind wir verpflichtet, diese an Facebook weiterzuleiten.<\/p>\n\n<p>Die Daten\u00fcbermittlung in die USA erfolgt auf der Grundlage der Standardvertragsklauseln der EU-Kommission. Einzelheiten finden Sie hier: <a href=\"https:\/\/www.facebook.com\/legal\/EU_data_transfer_addendum\" target=\"_blank\" rel=\"noreferrer noopener\">https:\/\/www.facebook.com\/legal\/EU_data_transfer_addendum,<\/a> <a href=\"https:\/\/www.facebook.com\/help\/566994660333381\" target=\"_blank\" rel=\"noreferrer noopener\">https:\/\/www.facebook.com\/help\/566994660333381<\/a> und <a href=\"https:\/\/www.facebook.com\/policy.php\" target=\"_blank\" rel=\"noreferrer noopener\">https:\/\/www.facebook.com\/policy.php.<\/a><\/p>\n\n<p>Das Unternehmen ist nach dem &#8222;EU-US Data Privacy Framework&#8220; (DPF) zertifiziert. Die DPF ist ein Abkommen zwischen der Europ\u00e4ischen Union und den USA, das die Einhaltung der europ\u00e4ischen Datenschutzstandards bei der Datenverarbeitung in den USA sicherstellen soll. Jedes im Rahmen der DPF zertifizierte Unternehmen verpflichtet sich, diese Datenschutzstandards einzuhalten. Weitere Informationen erhalten Sie vom Anbieter unter dem folgenden Link: <a href=\"https:\/\/www.dataprivacyframework.gov\/s\/participant-search\/participant-detail?contact=true&amp;id=a2zt0000000GnywAAC&amp;status=Active\" target=\"_blank\" rel=\"noreferrer noopener\">https:\/\/www.dataprivacyframework.gov\/s\/participant-search\/participant-detail?contact=true&amp;id=a2zt0000000GnywAAC&amp;status=Active.<\/a><\/p>\n\n<h3 class=\"wp-block-heading\">INSTAGRAM<\/h3>\n\n<p>Die Funktionen des Instagram-Dienstes sind auf dieser Website integriert. Diese Funktionen werden von Meta Platforms Ireland Limited, Merrion Road, Dublin 4, D04 X2K5, Irland, angeboten.<\/p>\n\n<p>Wenn das Social Media-Element aktiv ist, wird eine direkte Verbindung zwischen Ihrem Ger\u00e4t und dem Instagram-Server hergestellt. Instagram erh\u00e4lt dadurch Informationen \u00fcber Ihren Besuch auf dieser Website.<\/p>\n\n<p>Wenn Sie in Ihrem Instagram-Konto angemeldet sind, k\u00f6nnen Sie den Inhalt dieser Website mit Ihrem Instagram-Profil verkn\u00fcpfen, indem Sie auf die Instagram-Schaltfl\u00e4che klicken. Dies erm\u00f6glicht es Instagram, Ihren Besuch auf dieser Website mit Ihrem Benutzerkonto zu verkn\u00fcpfen. Wir m\u00f6chten Sie darauf hinweisen, dass wir als Anbieter der Seiten keine Kenntnis vom Inhalt der \u00fcbermittelten Daten sowie deren Nutzung durch Instagram erhalten.<\/p>\n\n<p>Die Nutzung dieses Dienstes beruht auf Ihrer Einwilligung gem\u00e4\u00df Art. 6 (1) lit. a GDPR und \u00a7 25 (1) TDDG. Die Zustimmung kann jederzeit widerrufen werden.<\/p>\n\n<p>Soweit auf unserer Website mit Hilfe des hier beschriebenen Tools personenbezogene Daten erhoben und an Facebook oder Instagram weitergeleitet werden, sind wir und Meta Platforms Ireland Limited, 4 Grand Canal Square, Grand Canal Harbour, Dublin 2, Irland gemeinsam f\u00fcr diese Datenverarbeitung verantwortlich (Art. 26 GDPR). Die gemeinsame Verantwortung beschr\u00e4nkt sich ausschlie\u00dflich auf die Erfassung der Daten und deren \u00dcbermittlung an Facebook oder Instagram. Die Verarbeitung durch Facebook oder Instagram, die nach der Weiterleitung stattfindet, ist nicht Teil der gemeinsamen Verantwortung. Unsere gemeinsamen Verpflichtungen wurden in einer Vereinbarung \u00fcber die gemeinsame Verarbeitung festgelegt. Den Wortlaut des Abkommens finden Sie unter: <a href=\"https:\/\/www.facebook.com\/legal\/controller_addendum\" target=\"_blank\" rel=\"noreferrer noopener\">https:\/\/www.facebook.com\/legal\/controller_addendum.<\/a> Gem\u00e4\u00df dieser Vereinbarung sind wir f\u00fcr die Bereitstellung der Datenschutzinformationen bei der Nutzung des Facebook- oder Instagram-Tools und f\u00fcr die datenschutzkonforme Implementierung des Tools auf unserer Website verantwortlich. F\u00fcr die Datensicherheit der Produkte von Facebook oder Instagram ist Facebook verantwortlich. Die Rechte der Betroffenen (z.B. Auskunftsersuchen) in Bezug auf die von Facebook oder Instagram verarbeiteten Daten k\u00f6nnen direkt bei Facebook geltend gemacht werden. Wenn Sie die Betroffenenrechte bei uns geltend machen, sind wir verpflichtet, diese an Facebook weiterzuleiten.<\/p>\n\n<p>Die Daten\u00fcbermittlung in die USA erfolgt auf der Grundlage der Standardvertragsklauseln der EU-Kommission. Einzelheiten finden Sie hier: <a href=\"https:\/\/www.facebook.com\/legal\/EU_data_transfer_addendum\" target=\"_blank\" rel=\"noreferrer noopener\">https:\/\/www.facebook.com\/legal\/EU_data_transfer_addendum,<\/a> <a href=\"https:\/\/privacycenter.instagram.com\/policy\/\" target=\"_blank\" rel=\"noreferrer noopener\">https:\/\/privacycenter.instagram.com\/policy\/<\/a> und <a href=\"https:\/\/www.facebook.com\/help\/566994660333381\" target=\"_blank\" rel=\"noreferrer noopener\">https:\/\/www.facebook.com\/help\/566994660333381.<\/a><\/p>\n\n<p>Weitere Informationen finden Sie in der Datenschutzrichtlinie von Instagram: <a href=\"https:\/\/privacycenter.instagram.com\/policy\/\" target=\"_blank\" rel=\"noreferrer noopener\">https:\/\/privacycenter.instagram.com\/policy\/.<\/a><\/p>\n\n<p>Das Unternehmen ist nach dem &#8222;EU-US Data Privacy Framework&#8220; (DPF) zertifiziert. Die DPF ist ein Abkommen zwischen der Europ\u00e4ischen Union und den USA, das die Einhaltung der europ\u00e4ischen Datenschutzstandards bei der Datenverarbeitung in den USA sicherstellen soll. Jedes im Rahmen der DPF zertifizierte Unternehmen verpflichtet sich, diese Datenschutzstandards einzuhalten. Weitere Informationen erhalten Sie vom Anbieter unter dem folgenden Link: <a href=\"https:\/\/www.dataprivacyframework.gov\/s\/participant-search\/participant-detail?contact=true&amp;id=a2zt0000000GnywAAC&amp;status=Active\" target=\"_blank\" rel=\"noreferrer noopener\">https:\/\/www.dataprivacyframework.gov\/s\/participant-search\/participant-detail?contact=true&amp;id=a2zt0000000GnywAAC&amp;status=Active.<\/a><\/p>\n\n<h2 class=\"wp-block-heading\">6. PLUGINS UND TOOLS<\/h2>\n\n<h3 class=\"wp-block-heading\">GOOGLE FONTS (LOKALES HOSTING)<\/h3>\n\n<p>Diese Website verwendet f\u00fcr die einheitliche Darstellung von Schriftarten sogenannte Google Fonts, die von Google bereitgestellt werden. Die Google-Schriftarten sind lokal installiert. Es findet keine Verbindung zu Google-Servern statt.<\/p>\n\n<p>Weitere Informationen zu Google Fonts finden Sie unter <a href=\"https:\/\/developers.google.com\/fonts\/faq\" target=\"_blank\" rel=\"noreferrer noopener\">https:\/\/developers.google.com\/fonts\/faq<\/a> und in den Datenschutzbestimmungen von Google: <a href=\"https:\/\/policies.google.com\/privacy?hl=en\" target=\"_blank\" rel=\"noreferrer noopener\">https:\/\/policies.google.com\/privacy?hl=en.<\/a><\/p>\n\n<h3 class=\"wp-block-heading\">WORDFENCE<\/h3>\n\n<p>Wir haben Wordfence auf dieser Website integriert. Der Anbieter ist Defiant Inc., Defiant, Inc., 800 5th Ave Ste 4100, Seattle, WA 98104, USA (im Folgenden &#8222;Wordfence&#8220; genannt).<\/p>\n\n<p>Wordfence dient dem Schutz unserer Website vor unerw\u00fcnschten Zugriffen oder b\u00f6sartigen Cyberangriffen. Zu diesem Zweck stellt unsere Website eine permanente Verbindung zu den Servern von Wordfence her, damit Wordfence seine Datenbanken mit den Zugriffen auf unsere Website vergleichen und diese gegebenenfalls blockieren kann.<\/p>\n\n<p>Die Verwendung von Wordfence basiert auf Art. 6 (1) lit. f GDPR. Der Betreiber der Website hat ein berechtigtes Interesse an einem m\u00f6glichst effektiven Schutz seiner Website vor Cyberangriffen. Wenn eine entsprechende Einwilligung eingeholt wurde, erfolgt die Verarbeitung ausschlie\u00dflich auf der Grundlage von Art. 6 (1) lit. a GDPR und \u00a7 25 (1) TDDG, soweit die Einwilligung die Speicherung von Cookies oder den Zugriff auf Informationen auf dem Ger\u00e4t des Nutzers (z.B. Device Fingerprinting) im Sinne des TDDG umfasst. Die Zustimmung kann jederzeit widerrufen werden.<\/p>\n\n<p>Die Daten\u00fcbermittlung in die USA erfolgt auf der Grundlage der Standardvertragsklauseln der EU-Kommission. Einzelheiten finden Sie hier: <a href=\"https:\/\/www.wordfence.com\/help\/general-data-protection-regulation\/\" target=\"_blank\" rel=\"noreferrer noopener\">https:\/\/www.wordfence.com\/help\/general-data-protection-regulation\/.<\/a><\/p>\n\n<p>Quelle: <a href=\"https:\/\/www.e-recht24.de\/\" target=\"_blank\" rel=\"noreferrer noopener\">https:\/\/www.e-recht24.de<\/a><\/p>\n","protected":false},"excerpt":{"rendered":"<p>1. Ein \u00dcberblick \u00fcber den Datenschutz ALLGEMEINE INFORMATIONEN Die folgenden Informationen geben einen einfachen \u00dcberblick dar\u00fcber, was mit Ihren pers\u00f6nlichen Daten geschieht, wenn Sie diese Website besuchen. Personenbezogene Daten sind alle Daten, mit denen Sie pers\u00f6nlich identifiziert werden k\u00f6nnen. Ausf\u00fchrliche Informationen zum Thema Datenschutz finden Sie in unserer Datenschutzrichtlinie, die Sie unter diesem Text finden. [&hellip;]<\/p>\n","protected":false},"author":1,"featured_media":0,"parent":0,"menu_order":0,"comment_status":"closed","ping_status":"closed","template":"","meta":{"footnotes":""},"class_list":["post-959","page","type-page","status-publish","hentry"],"_links":{"self":[{"href":"https:\/\/aura-trade.at\/de\/wp-json\/wp\/v2\/pages\/959","targetHints":{"allow":["GET"]}}],"collection":[{"href":"https:\/\/aura-trade.at\/de\/wp-json\/wp\/v2\/pages"}],"about":[{"href":"https:\/\/aura-trade.at\/de\/wp-json\/wp\/v2\/types\/page"}],"author":[{"embeddable":true,"href":"https:\/\/aura-trade.at\/de\/wp-json\/wp\/v2\/users\/1"}],"replies":[{"embeddable":true,"href":"https:\/\/aura-trade.at\/de\/wp-json\/wp\/v2\/comments?post=959"}],"version-history":[{"count":1,"href":"https:\/\/aura-trade.at\/de\/wp-json\/wp\/v2\/pages\/959\/revisions"}],"predecessor-version":[{"id":964,"href":"https:\/\/aura-trade.at\/de\/wp-json\/wp\/v2\/pages\/959\/revisions\/964"}],"wp:attachment":[{"href":"https:\/\/aura-trade.at\/de\/wp-json\/wp\/v2\/media?parent=959"}],"curies":[{"name":"wp","href":"https:\/\/api.w.org\/{rel}","templated":true}]}}