{"id":956,"date":"2024-07-01T20:53:44","date_gmt":"2024-07-01T18:53:44","guid":{"rendered":"https:\/\/aura-trade.at\/impressum\/"},"modified":"2024-07-12T21:58:54","modified_gmt":"2024-07-12T19:58:54","slug":"impressum","status":"publish","type":"page","link":"https:\/\/aura-trade.at\/de\/impressum\/","title":{"rendered":"Impressum"},"content":{"rendered":"\n<p><strong>AURA Handel und Kapital GmbH<\/strong><br\/>Heuberg 6<br\/>4441 Behamberg<br\/>\u00d6sterreich<\/p>\n\n<p><strong>Kontakt:<\/strong><br\/>E-Mail: office@aura-trade.at<br\/>Telefon: +43 676 6333955<\/p>\n\n<p><strong>Registrierungsnummer des Unternehmens:<\/strong><br\/>FN 630185 v<br\/><strong>Gesch\u00e4ftsf\u00fchrerin:<\/strong><br\/>Peter Rassweiler<\/p>\n\n<p><strong>Vertretungsberechtigung:<\/strong><br\/>Die Gesellschaft wird durch zwei Gesch\u00e4ftsf\u00fchrer gemeinsam oder, wenn mehrere Gesch\u00e4ftsf\u00fchrer bestellt sind, durch einen Gesch\u00e4ftsf\u00fchrer zusammen mit einem Prokuristen vertreten. Durch Beschluss der Gesellschafterversammlung kann auch einzelnen Gesch\u00e4ftsf\u00fchrern Einzelvertretungsbefugnis erteilt werden.<\/p>\n\n<p><strong>EU-Streitbeilegung:<\/strong><br\/>Die Europ\u00e4ische Kommission bietet eine Plattform f\u00fcr die Online-Streitbeilegung (ODR) an: <a href=\"https:\/\/ec.europa.eu\/consumers\/odr\/\" target=\"_blank\" rel=\"noopener\">https:\/\/ec.europa.eu\/consumers\/odr\/.<\/a><\/p>\n\n<p><strong>Schlichtungsstelle f\u00fcr Verbraucherstreitigkeiten\/Universelle Schlichtungsstelle:<\/strong><br\/>Wir sind nicht bereit oder verpflichtet, an einem Streitbeilegungsverfahren vor einer Verbraucherschlichtungsstelle teilzunehmen.<\/p>\n","protected":false},"excerpt":{"rendered":"<p>AURA Handel und Kapital GmbHHeuberg 64441 Behamberg\u00d6sterreich Kontakt:E-Mail: office@aura-trade.atTelefon: +43 676 6333955 Registrierungsnummer des Unternehmens:FN 630185 vGesch\u00e4ftsf\u00fchrerin:Peter Rassweiler Vertretungsberechtigung:Die Gesellschaft wird durch zwei Gesch\u00e4ftsf\u00fchrer gemeinsam oder, wenn mehrere Gesch\u00e4ftsf\u00fchrer bestellt sind, durch einen Gesch\u00e4ftsf\u00fchrer zusammen mit einem Prokuristen vertreten. Durch Beschluss der Gesellschafterversammlung kann auch einzelnen Gesch\u00e4ftsf\u00fchrern Einzelvertretungsbefugnis erteilt werden. EU-Streitbeilegung:Die Europ\u00e4ische Kommission bietet eine [&hellip;]<\/p>\n","protected":false},"author":1,"featured_media":0,"parent":0,"menu_order":0,"comment_status":"closed","ping_status":"closed","template":"","meta":{"footnotes":""},"class_list":["post-956","page","type-page","status-publish","hentry"],"_links":{"self":[{"href":"https:\/\/aura-trade.at\/de\/wp-json\/wp\/v2\/pages\/956","targetHints":{"allow":["GET"]}}],"collection":[{"href":"https:\/\/aura-trade.at\/de\/wp-json\/wp\/v2\/pages"}],"about":[{"href":"https:\/\/aura-trade.at\/de\/wp-json\/wp\/v2\/types\/page"}],"author":[{"embeddable":true,"href":"https:\/\/aura-trade.at\/de\/wp-json\/wp\/v2\/users\/1"}],"replies":[{"embeddable":true,"href":"https:\/\/aura-trade.at\/de\/wp-json\/wp\/v2\/comments?post=956"}],"version-history":[{"count":1,"href":"https:\/\/aura-trade.at\/de\/wp-json\/wp\/v2\/pages\/956\/revisions"}],"predecessor-version":[{"id":958,"href":"https:\/\/aura-trade.at\/de\/wp-json\/wp\/v2\/pages\/956\/revisions\/958"}],"wp:attachment":[{"href":"https:\/\/aura-trade.at\/de\/wp-json\/wp\/v2\/media?parent=956"}],"curies":[{"name":"wp","href":"https:\/\/api.w.org\/{rel}","templated":true}]}}